{"id":440,"date":"2017-06-01T09:14:37","date_gmt":"2017-06-01T08:14:37","guid":{"rendered":"http:\/\/pedagog.zsme.pl\/wordpress\/?page_id=440"},"modified":"2017-06-08T13:02:58","modified_gmt":"2017-06-08T12:02:58","slug":"spotkanie-z-andrzejem-korsarzem","status":"publish","type":"page","link":"http:\/\/pedagog.zsme.pl\/aktualnosci\/spotkanie-z-andrzejem-korsarzem\/","title":{"rendered":"Spotkanie z Andrzejem Korsarzem"},"content":{"rendered":"<p style=\"text-align: justify;\">Uczniowie klas pierwszych Technikum i Zasadniczej Szko\u0142y Zawodowej wzi\u0119li udzia\u0142 w spotkaniach z Andrzejem Korsarzem. G\u0142\u00f3wnym celem spotka\u0144 by\u0142o poszerzenie \u015bwiadomo\u015bci na temat przemocy w rodzinie. Pan Andrzej w swoich wyznaniach opowiedzia\u0142, jak\u00a0 wygl\u0105da przemoc w oczach dziecka i co ono prze\u017cywa, kiedy w domu przebywa si\u0119 z alkoholikiem. Podzieli\u0142 si\u0119 swoimi do\u015bwiadczeniami i wskaza\u0142 sposoby radzenia sobie z trudnymi sytuacjami w \u017cyciu. Trzeba w \u017cyciu szuka\u0107 wyj\u015bcia, bo ono zawsze jest oraz wierzy\u0107 w siebie i realizowa\u0107 swoje marzenia. Alkoholizm jest problemem ca\u0142ej rodziny \u2013 dotyka ka\u017cd\u0105 z os\u00f3b i wywiera na ni\u0105 niszcz\u0105cy wp\u0142yw. W miar\u0119 jak uzale\u017cnienie post\u0119puje rodzina funkcjonuje w spos\u00f3b coraz bardziej destruktywny. Wszystko obraca si\u0119 wok\u00f3\u0142 uzale\u017cnionego rodzica. Dzieci z rodzin z problemem alkoholowym do\u015bwiadczaj\u0105 przez ca\u0142y czas silnego l\u0119ku. Obawiaj\u0105 si\u0119 kar fizycznych i zn\u0119cania si\u0119 psychicznego. Cierpi\u0105 tak\u017ce, gdy widz\u0105 jak bity i poni\u017cany jest drugi rodzic, co budzi w nich przera\u017cenie, bunt i nienawi\u015b\u0107. L\u0119k budzi jednak nie tylko zagro\u017cenie fizyczne, lecz tak\u017ce wstyd. Powoduje on, i\u017c dzieci alkoholik\u00f3w cz\u0119sto izoluj\u0105 si\u0119 od swoich r\u00f3wie\u015bnik\u00f3w, by nie zosta\u0107 ca\u0142kowicie odrzuconym spo\u0142ecznie. Istnieje b\u0142\u0119dne przekonanie, \u017ce dzieci nie widz\u0105, nie s\u0142ysz\u0105, \u017ce nie s\u0105 \u015bwiadome tego, co dzieje si\u0119 w domu. Pan Andrzej Korsarz jest absolwentem historii na Uniwersytecie \u015al\u0105skim w Katowicach. Pracuje w Rybniku jako wychowawca w Plac\u00f3wce Opieku\u0144czo \u2013 Wychowawczej. Zdoby\u0142 kilkana\u015bcie nagr\u00f3d i wyr\u00f3\u017cnie\u0144 w og\u00f3lnopolskich konkursach literackich. Jego wiersze znalaz\u0142y si\u0119 w wydawnictwach pokonkursowych i prasie. Jest r\u00f3wnie\u017c autorem ksi\u0105\u017cki \u201eSportowe sukcesy Polak\u00f3w 1918-2008\u201d. Obecnie pracuje nad biografi\u0105 ma\u0142o znanej poetki El\u017cbiety Bileckiej, kt\u00f3ra \u017cy\u0142a w latach 1888 \u2013 1918.<\/p>\n","protected":false},"excerpt":{"rendered":"<p>Uczniowie klas pierwszych Technikum i Zasadniczej Szko\u0142y Zawodowej wzi\u0119li udzia\u0142 w spotkaniach z Andrzejem Korsarzem. G\u0142\u00f3wnym celem spotka\u0144 by\u0142o poszerzenie \u015bwiadomo\u015bci na temat przemocy w rodzinie. Pan Andrzej w swoich wyznaniach opowiedzia\u0142, jak\u00a0 wygl\u0105da przemoc w oczach dziecka i co ono prze\u017cywa, kiedy w domu przebywa si\u0119 z alkoholikiem. Podzieli\u0142 si\u0119 swoimi do\u015bwiadczeniami i wskaza\u0142 &hellip; <a href=\"http:\/\/pedagog.zsme.pl\/aktualnosci\/spotkanie-z-andrzejem-korsarzem\/\" class=\"more-link\">Czytaj dalej<span class=\"screen-reader-text\"> Spotkanie z Andrzejem Korsarzem<\/span><\/a><\/p>\n","protected":false},"author":2,"featured_media":459,"parent":0,"menu_order":0,"comment_status":"closed","ping_status":"closed","template":"","meta":{"footnotes":""},"_links":{"self":[{"href":"http:\/\/pedagog.zsme.pl\/aktualnosci\/wp-json\/wp\/v2\/pages\/440"}],"collection":[{"href":"http:\/\/pedagog.zsme.pl\/aktualnosci\/wp-json\/wp\/v2\/pages"}],"about":[{"href":"http:\/\/pedagog.zsme.pl\/aktualnosci\/wp-json\/wp\/v2\/types\/page"}],"author":[{"embeddable":true,"href":"http:\/\/pedagog.zsme.pl\/aktualnosci\/wp-json\/wp\/v2\/users\/2"}],"replies":[{"embeddable":true,"href":"http:\/\/pedagog.zsme.pl\/aktualnosci\/wp-json\/wp\/v2\/comments?post=440"}],"version-history":[{"count":2,"href":"http:\/\/pedagog.zsme.pl\/aktualnosci\/wp-json\/wp\/v2\/pages\/440\/revisions"}],"predecessor-version":[{"id":460,"href":"http:\/\/pedagog.zsme.pl\/aktualnosci\/wp-json\/wp\/v2\/pages\/440\/revisions\/460"}],"wp:featuredmedia":[{"embeddable":true,"href":"http:\/\/pedagog.zsme.pl\/aktualnosci\/wp-json\/wp\/v2\/media\/459"}],"wp:attachment":[{"href":"http:\/\/pedagog.zsme.pl\/aktualnosci\/wp-json\/wp\/v2\/media?parent=440"}],"curies":[{"name":"wp","href":"https:\/\/api.w.org\/{rel}","templated":true}]}}