{"id":40,"date":"2017-02-16T08:48:46","date_gmt":"2017-02-16T07:48:46","guid":{"rendered":"http:\/\/pedagog.zsme.pl\/wordpress\/?page_id=40"},"modified":"2019-10-02T12:20:48","modified_gmt":"2019-10-02T11:20:48","slug":"profilaktyka","status":"publish","type":"page","link":"http:\/\/pedagog.zsme.pl\/aktualnosci\/profilaktyka\/","title":{"rendered":"Profilaktyka"},"content":{"rendered":"<p><a href=\"http:\/\/pedagog.zsme.pl\/profilaktyka\/projekt-rappedagogika\/\" target=\"_blank\" rel=\"noopener\">Projekt &#8222;RapPedagogika&#8221;<\/a><\/p>\n<p><a href=\"http:\/\/pedagog.zsme.pl\/dzien-promocji-zdrowia-psychicznego\/\" target=\"_blank\" rel=\"noopener noreferrer\">Dzie\u0144 promocji zdrowia psychicznego<\/a><\/p>\n<p><a href=\"http:\/\/pedagog.zsme.pl\/profilaktyka\/blokowisko-to-nie-wszystko\/\" target=\"_blank\" rel=\"noopener noreferrer\">Blokowisko to nie wszystko!<\/a><\/p>\n<p><a href=\"http:\/\/pedagog.zsme.pl\/dzien-bez-papierosa\/\" target=\"_blank\" rel=\"noopener noreferrer\">Jab\u0142ko zamiast papierosa<\/a><\/p>\n<p><a href=\"http:\/\/pedagog.zsme.pl\/profilaktyka\/transplantacja\/\" target=\"_blank\" rel=\"noopener noreferrer\">Transplantacja<\/a><\/p>\n<p><a href=\"http:\/\/pedagog.zsme.pl\/profilaktyka\/samobojstwa\/\" target=\"_blank\" rel=\"noopener noreferrer\">Samob\u00f3jstwa<\/a><\/p>\n<p><a href=\"http:\/\/pedagog.zsme.pl\/profilaktyka\/swiateczna-paczka\/\" target=\"_blank\" rel=\"noopener noreferrer\">\u015awi\u0105teczna Paczka<\/a><\/p>\n<p><a href=\"http:\/\/pedagog.zsme.pl\/profilaktyka\/warsztaty-plastyczne\/\" target=\"_blank\" rel=\"noopener noreferrer\">Warsztaty plastyczne<\/a><\/p>\n<p><a href=\"http:\/\/pedagog.zsme.pl\/profilaktyka\/warsztaty-profilaktyczne\/\" target=\"_blank\" rel=\"noopener noreferrer\">Warsztaty profilaktyczne<\/a><\/p>\n<p><a href=\"http:\/\/pedagog.zsme.pl\/profilaktyka\/profilaktyka-raka-piersi\/\" target=\"_blank\" rel=\"noopener noreferrer\">Profilaktyka raka piersi<\/a><\/p>\n<p><a href=\"http:\/\/pedagog.zsme.pl\/profilaktyka\/uczen-na-medal\/\" target=\"_blank\" rel=\"noopener noreferrer\">Ucze\u0144 na medal<\/a><\/p>\n<p><a href=\"http:\/\/pedagog.zsme.pl\/profilaktyka\/niebieski-rybnik\/\" target=\"_blank\" rel=\"noopener noreferrer\">Niebieski Rybnik<\/a><\/p>\n<p><a href=\"http:\/\/pedagog.zsme.pl\/profilaktyka\/unicef\/\" target=\"_blank\" rel=\"noopener noreferrer\">UNICEF<\/a><\/p>\n<p><a href=\"http:\/\/pedagog.zsme.pl\/spotkanie-z-andrzejem-korsarzem\/\" target=\"_blank\" rel=\"noopener noreferrer\">Spotkanie z Andrzejem Korsarzem<\/a><\/p>\n<p><a href=\"http:\/\/pedagog.zsme.pl\/profilaktyka\/stres-przed-matura\/\" target=\"_blank\" rel=\"noopener noreferrer\">Stres przed matur\u0105<\/a><\/p>\n<p><a href=\"http:\/\/pedagog.zsme.pl\/profilaktyka\/warsztaty-o-agresji\/\" target=\"_blank\" rel=\"noopener noreferrer\">Jak budowa\u0107 zgrany zesp\u00f3\u0142 klasowy?<\/a><\/p>\n<p><a href=\"https:\/\/pedagog.zsme.pl\/2019\/10\/wizyty-studyjne-w-oligos\/\" target=\"_blank\" rel=\"noopener\">Wizyty studyjne w Oligos<\/a><\/p>\n","protected":false},"excerpt":{"rendered":"<p>Projekt &#8222;RapPedagogika&#8221; Dzie\u0144 promocji zdrowia psychicznego Blokowisko to nie wszystko! Jab\u0142ko zamiast papierosa Transplantacja Samob\u00f3jstwa \u015awi\u0105teczna Paczka Warsztaty plastyczne Warsztaty profilaktyczne Profilaktyka raka piersi Ucze\u0144 na medal Niebieski Rybnik UNICEF Spotkanie z Andrzejem Korsarzem Stres przed matur\u0105 Jak budowa\u0107 zgrany zesp\u00f3\u0142 klasowy? Wizyty studyjne w Oligos<\/p>\n","protected":false},"author":2,"featured_media":371,"parent":0,"menu_order":0,"comment_status":"closed","ping_status":"closed","template":"","meta":{"footnotes":""},"_links":{"self":[{"href":"http:\/\/pedagog.zsme.pl\/aktualnosci\/wp-json\/wp\/v2\/pages\/40"}],"collection":[{"href":"http:\/\/pedagog.zsme.pl\/aktualnosci\/wp-json\/wp\/v2\/pages"}],"about":[{"href":"http:\/\/pedagog.zsme.pl\/aktualnosci\/wp-json\/wp\/v2\/types\/page"}],"author":[{"embeddable":true,"href":"http:\/\/pedagog.zsme.pl\/aktualnosci\/wp-json\/wp\/v2\/users\/2"}],"replies":[{"embeddable":true,"href":"http:\/\/pedagog.zsme.pl\/aktualnosci\/wp-json\/wp\/v2\/comments?post=40"}],"version-history":[{"count":16,"href":"http:\/\/pedagog.zsme.pl\/aktualnosci\/wp-json\/wp\/v2\/pages\/40\/revisions"}],"predecessor-version":[{"id":1105,"href":"http:\/\/pedagog.zsme.pl\/aktualnosci\/wp-json\/wp\/v2\/pages\/40\/revisions\/1105"}],"wp:featuredmedia":[{"embeddable":true,"href":"http:\/\/pedagog.zsme.pl\/aktualnosci\/wp-json\/wp\/v2\/media\/371"}],"wp:attachment":[{"href":"http:\/\/pedagog.zsme.pl\/aktualnosci\/wp-json\/wp\/v2\/media?parent=40"}],"curies":[{"name":"wp","href":"https:\/\/api.w.org\/{rel}","templated":true}]}}