{"id":274,"date":"2017-04-06T10:09:16","date_gmt":"2017-04-06T09:09:16","guid":{"rendered":"http:\/\/pedagog.zsme.pl\/wordpress\/?page_id=274"},"modified":"2017-06-09T08:20:33","modified_gmt":"2017-06-09T07:20:33","slug":"bezpieczny-internet","status":"publish","type":"page","link":"http:\/\/pedagog.zsme.pl\/aktualnosci\/bezpieczny-internet\/","title":{"rendered":"Bezpieczny internet"},"content":{"rendered":"<h6>Wskaz\u00f3wki dla rodzic\u00f3w<\/h6>\n<p>Dzieci wchodz\u0105 w interakcje z internetem ju\u017c od najm\u0142odszych lat. Dlatego tak wa\u017cne jest kontrolowanie tego procesu przez rodzic\u00f3w. Brak kontroli mo\u017ce si\u0119 okaza\u0107 tragiczny w skutkach.<\/p>\n<p>Jak m\u00f3wi Randy Abrams, dyrektor ds. edukacji technicznej firmy ESET: <em>Wielu rodzic\u00f3w slusznie obawia sie aktywnosci swoich dzieci w portalach spolecznosciowych, za posrednictwem kt\u00f3rych nawiazuja one znajomosci z r\u00f3znymi ludzmi i nigdy nie wiadomo, kto tak naprawde znajduje sie 'po drugiej stronie&#8217;<\/em>. Specjalisci z ESET przygotowali poni\u017cszy zestaw wskaz\u00f3wek dla rodzic\u00f3w dbajacych o bezpieczenstwo swoich dzieci w internecie.<\/p>\n<p><strong>1. Ustal jasne zasady korzystania z komputera i dbaj o ich przestrzeganie<\/strong><\/p>\n<p>Ustal z dzieckiem godziny w jakich mo\u017ce korzysta\u0107 z komputera i Internetu. Sprawdzaj z jakich stron internetowych korzysta Twoje dziecko. Warto tak\u017ce umie\u015bci\u0107 komputer w miejscu, kt\u00f3re b\u0119dziesz m\u00f3g\u0142 stale monitorowa\u0107. Mo\u017cesz r\u00f3wnie\u017c stworzy\u0107 profil administratora w systemie operacyjnym i zabezpieczy\u0107 dost\u0119p do komputera has\u0142em.<\/p>\n<p><strong>2. Naucz dziecko, ze nie powinno podawac swoich prawdziwych danych w sieci<\/strong><\/p>\n<p>Nigdy nie wiadomo kim jest nowy &#8222;przyjaciel&#8221; poznany w serwisie spo\u0142eczno\u015bciowym lub za po\u015brednictwem komunikatora internetowego. Ujawnienie zbyt wielu szczeg\u00f3\u0142\u00f3w na temat Twojej pociechy lub na temat \u017cycia Waszej rodziny mo\u017ce skutkowa\u0107 np. kradzie\u017c\u0105 sprz\u0119tu hi-fi w czasie wakacji, o kt\u00f3rych dziecko napisa\u0142o wcze\u015bniej w sieci.<\/p>\n<p><strong>3. Zwr\u00f3\u0107 uwag\u0119 na kamer\u0119 internetowa<\/strong><\/p>\n<p>To urz\u0105dzenie, kt\u00f3re wielokrotnie ju\u017c by\u0142o wykorzystywane przez cyberprzest\u0119pc\u00f3w. Istniej\u0105 bowiem programy, kt\u00f3re umo\u017cliwiaj\u0105 osobom niepowo\u0142anym uzyskiwanie podgl\u0105du z kamery internetowej u\u017cytkownika bez jego wiedzy i zgody. Zadbaj, by nieu\u017cywana kamera by\u0142a od\u0142\u0105czona od komputera. Je\u015bli posiadasz laptopa, sprawdzaj od czasu do czasu, czy dioda sygnalizuj\u0105ca dzia\u0142anie kamery si\u0119 nie \u015bwieci. Je\u015bli dziecko chce korzysta\u0107 z kamery podczas rozmowy za po\u015brednictwem komunikatora, pozw\u00f3l na tego typu kontakt jedynie z cz\u0142onkiem rodziny lub z przyjacielem dziecka, kt\u00f3rego wcze\u015bniej pozna\u0142e\u015b. Pami\u0119taj o skontrolowaniu czy rozmowa faktycznie odbywa si\u0119 z ustalon\u0105 osob\u0105.<\/p>\n","protected":false},"excerpt":{"rendered":"<p>Wskaz\u00f3wki dla rodzic\u00f3w Dzieci wchodz\u0105 w interakcje z internetem ju\u017c od najm\u0142odszych lat. Dlatego tak wa\u017cne jest kontrolowanie tego procesu przez rodzic\u00f3w. Brak kontroli mo\u017ce si\u0119 okaza\u0107 tragiczny w skutkach. Jak m\u00f3wi Randy Abrams, dyrektor ds. edukacji technicznej firmy ESET: Wielu rodzic\u00f3w slusznie obawia sie aktywnosci swoich dzieci w portalach spolecznosciowych, za posrednictwem kt\u00f3rych nawiazuja &hellip; <a href=\"http:\/\/pedagog.zsme.pl\/aktualnosci\/bezpieczny-internet\/\" class=\"more-link\">Czytaj dalej<span class=\"screen-reader-text\"> Bezpieczny internet<\/span><\/a><\/p>\n","protected":false},"author":2,"featured_media":516,"parent":0,"menu_order":0,"comment_status":"closed","ping_status":"closed","template":"","meta":{"footnotes":""},"_links":{"self":[{"href":"http:\/\/pedagog.zsme.pl\/aktualnosci\/wp-json\/wp\/v2\/pages\/274"}],"collection":[{"href":"http:\/\/pedagog.zsme.pl\/aktualnosci\/wp-json\/wp\/v2\/pages"}],"about":[{"href":"http:\/\/pedagog.zsme.pl\/aktualnosci\/wp-json\/wp\/v2\/types\/page"}],"author":[{"embeddable":true,"href":"http:\/\/pedagog.zsme.pl\/aktualnosci\/wp-json\/wp\/v2\/users\/2"}],"replies":[{"embeddable":true,"href":"http:\/\/pedagog.zsme.pl\/aktualnosci\/wp-json\/wp\/v2\/comments?post=274"}],"version-history":[{"count":3,"href":"http:\/\/pedagog.zsme.pl\/aktualnosci\/wp-json\/wp\/v2\/pages\/274\/revisions"}],"predecessor-version":[{"id":306,"href":"http:\/\/pedagog.zsme.pl\/aktualnosci\/wp-json\/wp\/v2\/pages\/274\/revisions\/306"}],"wp:featuredmedia":[{"embeddable":true,"href":"http:\/\/pedagog.zsme.pl\/aktualnosci\/wp-json\/wp\/v2\/media\/516"}],"wp:attachment":[{"href":"http:\/\/pedagog.zsme.pl\/aktualnosci\/wp-json\/wp\/v2\/media?parent=274"}],"curies":[{"name":"wp","href":"https:\/\/api.w.org\/{rel}","templated":true}]}}