{"id":261,"date":"2017-04-06T10:05:44","date_gmt":"2017-04-06T09:05:44","guid":{"rendered":"http:\/\/pedagog.zsme.pl\/wordpress\/?page_id=261"},"modified":"2019-10-15T11:17:20","modified_gmt":"2019-10-15T10:17:20","slug":"konkursy","status":"publish","type":"page","link":"http:\/\/pedagog.zsme.pl\/aktualnosci\/konkursy\/","title":{"rendered":"Konkursy"},"content":{"rendered":"<table border=\"0\" width=\"100%\" cellspacing=\"0\" cellpadding=\"1\" align=\"center\">\n<tbody>\n<tr>\n<td valign=\"top\">\n<h6>Rok szkolny 2018\/2019<\/h6>\n<p>Udzia\u0142 w konkursie zorganizowanym przez Kolegium Pracownik\u00f3w S\u0142u\u017cb Spo\u0142ecznych w Czeladzi dla szk\u00f3\u0142 ponadgimnazjalnych wojew\u00f3dztwa \u015bl\u0105skiego na najlepiej zorganizowan\u0105 akcj\u0119 spo\u0142eczn\u0105 w latach 2017-2019 pod has\u0142em \u201eLider Dobroczynno\u015bci\u201d &#8211; 2 miejsce.<\/p>\n<h6 class=\"fonter\" style=\"text-align: justify;\">Rok szkolny 2017\/2018<\/h6>\n<p>Udzia\u0142 w konkursie zorganizowanym przez Kolegium Pracownik\u00f3w S\u0142u\u017cb Spo\u0142ecznych w Czeladzi dla szk\u00f3\u0142 ponadgimnazjalnych wojew\u00f3dztwa \u015bl\u0105skiego na najlepiej zorganizowan\u0105 akcj\u0119 spo\u0142eczn\u0105 w latach 2016-2017 pod has\u0142em \u201eLider Dobroczynno\u015bci\u201d &#8211; 3 miejsce.<\/p>\n<p class=\"fonter\" style=\"text-align: justify;\"><strong>Rok szkolny 2016\/2017<\/strong><\/p>\n<p class=\"fonter\" style=\"text-align: justify;\">Udzia\u0142 w konkursie zorganizowanym przez Kolegium Pracownik\u00f3w S\u0142u\u017cb Spo\u0142ecznych w Czeladzi dla szk\u00f3\u0142 ponadgimnazjalnych wojew\u00f3dztwa \u015bl\u0105skiego na najlepiej zorganizowan\u0105 akcj\u0119 spo\u0142eczn\u0105 w latach 2015-2016 pod has\u0142em \u201eLider Dobroczynno\u015bci\u201d &#8211; 1 miejsce.<\/p>\n<p class=\"fonter\" style=\"text-align: justify;\">Gazeta Rybnicka 5\/2017:<\/p>\n<blockquote>\n<p class=\"fonter\" style=\"text-align: justify;\"><span style=\"font-size: 10pt;\"><strong>\u201eMechanik\u201d liderem dobroczynno\u015bci<\/strong><\/span><\/p>\n<p class=\"fonter\" style=\"text-align: justify;\"><span style=\"font-size: 10pt;\">W Czeladzi podsumowano konkurs dla szk\u00f3\u0142 pt. \u201eLider dobroczynno\u015bci\u201d na najlepiej zorganizowan\u0105 akcj\u0119 spo\u0142eczn\u0105 w latach 2015-2016. Celem konkursu by\u0142o promowanie akcji charytatywnych i wolontariatu w\u015br\u00f3d m\u0142odzie\u017cy oraz uhonorowanie m\u0142odych ludzi o wyj\u0105tkowej wra\u017cliwo\u015bci. Wolontariusze z Zespo\u0142u Szk\u00f3\u0142 Mechaniczno-Elektrycznych zaj\u0119li pierwsze miejsce w\u015br\u00f3d szk\u00f3\u0142 ponadgimnazjalnych wojew\u00f3dztwa \u015bl\u0105skiego za \u201e\u015awi\u0105teczn\u0105 paczk\u0119 Mechanika\u201d, szerzenie wiedzy o transplantacji narz\u0105d\u00f3w oraz za wsp\u00f3\u0142prac\u0119 ze stowarzyszeniami promuj\u0105cymi prac\u0119 wolontariatu. Koordynatorem i opiekunem wszystkich dzia\u0142a\u0144 by\u0142a pedagog szkolna Bo\u017cena Paniczek, nauczycielka roku 2016 miasta Rybnika.<\/span><\/p>\n<\/blockquote>\n<p class=\"fonter\" style=\"text-align: justify;\"><b>Rok szkolny 2015\/2016<\/b><\/p>\n<p class=\"fonter\" style=\"text-align: justify;\">II edycja Og\u00f3lnopolskiego Konkursu Plastycznego pod honorowym patronatem Rzecznika Praw Dziecka Marka Michalaka &#8222;POZYTYWKA &#8211; CZYLI WSZYSTKO TO, CO SPRAWIA \u017bE JESTEM SZCZ\u0118\u015aLIWY&#8221;<\/p>\n<p class=\"fonter\" style=\"text-align: justify;\">Gra miejska. Filmik promuj\u0105cy zdrowy styl \u017cycia. I miejsce dru\u017cyny z &#8222;Mechanika&#8221;.<\/p>\n<p class=\"fonter\" style=\"text-align: justify;\"><b>Rok szkolny 2014\/2015<\/b><\/p>\n<p class=\"fonter\" style=\"text-align: justify;\">Mi\u0119dzyszkolny konkurs na kreatywne CV &#8222;Rybnicki Master CV&#8221;<\/p>\n<p class=\"fonter\" style=\"text-align: justify;\"><b>Rok szkolny 2013\/2014<\/b><\/p>\n<p class=\"fonter\" style=\"text-align: justify;\">Konkurs profilaktyczny: Talent mimo wszystko<\/p>\n<p class=\"fonter\" style=\"text-align: justify;\">Rybnicka Gra Miejska Rybnickich Dni Kariery:<\/p>\n<p class=\"fonter\" style=\"text-align: justify;\">&#8211; pierwsze miejsce: Damian Rajca i Wojciech Musiolik &#8211; Odkryj miejsca rozwijania swoich talent\u00f3w.<\/p>\n<p class=\"fonter\" style=\"text-align: justify;\"><b>Rok szkolny 2012\/2013<\/b><\/p>\n<p class=\"fonter\" style=\"text-align: justify;\">Moja akademia dojrza\u0142o\u015bci &#8211; konkurs profilaktyki uzale\u017cnie\u0144<\/p>\n<p class=\"fonter\" style=\"text-align: justify;\"><b>Rok szkolny 2011\/2012<\/b><\/p>\n<p class=\"fonter\" style=\"text-align: justify;\">Konkurs na projekt koszulki &#8222;Kibicuje fair play&#8221; w ramach VI edycji akcji &#8222;Szkola bez przemocy&#8221;<\/p>\n<p class=\"fonter\" style=\"text-align: justify;\">Konkurs w ramach profilaktyki uzaleznien : Profilaktyka zdrowego trybu zycia :<\/p>\n<p class=\"fonter\" style=\"text-align: justify;\">Konkurs wiedzy o AIDS i innych zagro\u017ceniach<\/p>\n<p class=\"fonter\" style=\"text-align: justify;\"><b>Rok szkolny 2010\/2011<\/b><\/p>\n<p class=\"fonter\" style=\"text-align: justify;\">Zapominane zabytki &#8211; VI edycja<\/p>\n<p class=\"fonter\" style=\"text-align: justify;\"><b>Rok szkolny 2009\/2010<\/b><\/p>\n<p class=\"fonter\" style=\"text-align: justify;\">Zapominane zabytki &#8211; V edycja<\/p>\n<p class=\"fonter\" style=\"text-align: justify;\"><a href=\"http:\/\/pedagog.zsme.pl\/wp-content\/uploads\/2017\/04\/5.jpg\"><img loading=\"lazy\" decoding=\"async\" class=\"alignnone size-full wp-image-571\" src=\"http:\/\/pedagog.zsme.pl\/wp-content\/uploads\/2017\/04\/5.jpg\" alt=\"\" width=\"2480\" height=\"3437\" srcset=\"http:\/\/pedagog.zsme.pl\/wp-content\/uploads\/2017\/04\/5.jpg 2480w, http:\/\/pedagog.zsme.pl\/wp-content\/uploads\/2017\/04\/5-216x300.jpg 216w, http:\/\/pedagog.zsme.pl\/wp-content\/uploads\/2017\/04\/5-768x1064.jpg 768w, http:\/\/pedagog.zsme.pl\/wp-content\/uploads\/2017\/04\/5-739x1024.jpg 739w\" sizes=\"(max-width: 709px) 85vw, (max-width: 909px) 67vw, (max-width: 1362px) 62vw, 840px\" \/><\/a><\/p>\n<p class=\"fonter\" style=\"text-align: justify;\">Profilaktyka cyberprzemocy &#8211; w ramach akcji &#8222;Dzien Bezpiecznego Intenetu&#8221;<\/p>\n<p class=\"fonter\" style=\"text-align: justify;\">Konkurs na projekt wolontariat w ramach &#8222;Szkola bez przemocy&#8221;<\/p>\n<p class=\"fonter\" style=\"text-align: justify;\"><b>Rok szkolny 2008\/2009<\/b><\/p>\n<p class=\"fonter\" style=\"text-align: justify;\">Co wiemy o wolontariacie<\/p>\n<p class=\"fonter\" style=\"text-align: justify;\">Rybnik oczami Rybniczan<\/p>\n<p class=\"fonter\" style=\"text-align: justify;\">Zapominane zabytki &#8211; IV edycja<\/p>\n<p class=\"fonter\" style=\"text-align: justify;\"><b>Rok szkolny 2007\/2008<\/b><\/p>\n<p class=\"fonter\" style=\"text-align: justify;\">III edycja konkursu Tolerancja<\/p>\n<p class=\"fonter\" style=\"text-align: justify;\">Zapominane zabytki &#8211; III edycja<\/p>\n<p class=\"fonter\" style=\"text-align: justify;\"><b>Rok szkolny 2006\/2007<\/b><\/p>\n<p class=\"fonter\" style=\"text-align: justify;\">Druga edycja konkursu Zapomniane Zabytki<\/p>\n<p class=\"fonter\" style=\"text-align: justify;\">Konkurs plastyczny na plakat: STOP AIDS<\/p>\n<p class=\"fonter\" style=\"text-align: justify;\">II edycji konkursu artystyczno &#8211; literackiego &#8222;Tolerancja&#8221;<\/p>\n<p class=\"fonter\" style=\"text-align: justify;\">Konkurs plastyczny na plakat: Narkotyki &#8211; Droga Donik\u0105d<\/p>\n<p class=\"fonter\" style=\"text-align: justify;\"><b>Rok szkolny 2005\/2006<\/b><\/p>\n<p class=\"fonter\" style=\"text-align: justify;\">Konkurs &#8222;Zapomniane zabytki&#8221;<\/p>\n<p class=\"fonter\" style=\"text-align: justify;\">Konkurs literacko &#8211; artystyczny &#8222;Tolerancja&#8221;<\/p>\n<p class=\"fonter\" style=\"text-align: justify;\"><b>Rok szkolny 2003\/2004<\/b><\/p>\n<p class=\"fonter\" style=\"text-align: justify;\">Konkurs wiedzy o AIDS.<br \/>\nKonkurs &#8222;Udzielanie pierwszej pomocy&#8221;.<\/p>\n<p class=\"fonter\" style=\"text-align: justify;\"><b>Rok szkolny 2002\/2003<\/b><\/p>\n<p class=\"fonter\" style=\"text-align: justify;\">Konkurs plastyczny antynikotynowy.<\/p>\n<p class=\"fonter\" style=\"text-align: justify;\"><b>Rok szkolny 2001\/2002<\/b><\/p>\n<p class=\"fonter\" style=\"text-align: justify;\">Konkurs ortograficzny dla dyslektyk\u00f3w.<\/p>\n<p class=\"fonter\" style=\"text-align: justify;\"><b>Rok szkolny 2000\/2001<\/b><\/p>\n<p class=\"fonter\" style=\"text-align: justify;\">Konkurs wiedzy o AIDS &#8211; etap klasowy, szkolny i miejski.<br \/>\nBezpiecze\u0144stwo w szkole &#8211; finalista konkursu &#8211; \u0141ukasz \u017by\u0142a.<\/p>\n<p class=\"fonter\" style=\"text-align: justify;\"><b>Rok szkolny 1999\/2000<\/b><\/p>\n<p class=\"fonter\" style=\"text-align: justify;\">&#8222;Gdy obcy puka do drzwi&#8221; &#8211; profilaktyka uzale\u017cnie\u0144. Konkurs literacko-plastyczny.<\/p>\n<\/td>\n<\/tr>\n<\/tbody>\n<\/table>\n<p>&nbsp;<\/p>\n","protected":false},"excerpt":{"rendered":"<p>Rok szkolny 2018\/2019 Udzia\u0142 w konkursie zorganizowanym przez Kolegium Pracownik\u00f3w S\u0142u\u017cb Spo\u0142ecznych w Czeladzi dla szk\u00f3\u0142 ponadgimnazjalnych wojew\u00f3dztwa \u015bl\u0105skiego na najlepiej zorganizowan\u0105 akcj\u0119 spo\u0142eczn\u0105 w latach 2017-2019 pod has\u0142em \u201eLider Dobroczynno\u015bci\u201d &#8211; 2 miejsce. Rok szkolny 2017\/2018 Udzia\u0142 w konkursie zorganizowanym przez Kolegium Pracownik\u00f3w S\u0142u\u017cb Spo\u0142ecznych w Czeladzi dla szk\u00f3\u0142 ponadgimnazjalnych wojew\u00f3dztwa \u015bl\u0105skiego na najlepiej &hellip; <a href=\"http:\/\/pedagog.zsme.pl\/aktualnosci\/konkursy\/\" class=\"more-link\">Czytaj dalej<span class=\"screen-reader-text\"> Konkursy<\/span><\/a><\/p>\n","protected":false},"author":2,"featured_media":404,"parent":0,"menu_order":0,"comment_status":"closed","ping_status":"closed","template":"","meta":{"footnotes":""},"_links":{"self":[{"href":"http:\/\/pedagog.zsme.pl\/aktualnosci\/wp-json\/wp\/v2\/pages\/261"}],"collection":[{"href":"http:\/\/pedagog.zsme.pl\/aktualnosci\/wp-json\/wp\/v2\/pages"}],"about":[{"href":"http:\/\/pedagog.zsme.pl\/aktualnosci\/wp-json\/wp\/v2\/types\/page"}],"author":[{"embeddable":true,"href":"http:\/\/pedagog.zsme.pl\/aktualnosci\/wp-json\/wp\/v2\/users\/2"}],"replies":[{"embeddable":true,"href":"http:\/\/pedagog.zsme.pl\/aktualnosci\/wp-json\/wp\/v2\/comments?post=261"}],"version-history":[{"count":13,"href":"http:\/\/pedagog.zsme.pl\/aktualnosci\/wp-json\/wp\/v2\/pages\/261\/revisions"}],"predecessor-version":[{"id":1124,"href":"http:\/\/pedagog.zsme.pl\/aktualnosci\/wp-json\/wp\/v2\/pages\/261\/revisions\/1124"}],"wp:featuredmedia":[{"embeddable":true,"href":"http:\/\/pedagog.zsme.pl\/aktualnosci\/wp-json\/wp\/v2\/media\/404"}],"wp:attachment":[{"href":"http:\/\/pedagog.zsme.pl\/aktualnosci\/wp-json\/wp\/v2\/media?parent=261"}],"curies":[{"name":"wp","href":"https:\/\/api.w.org\/{rel}","templated":true}]}}