{"id":259,"date":"2017-04-06T10:05:36","date_gmt":"2017-04-06T09:05:36","guid":{"rendered":"http:\/\/pedagog.zsme.pl\/wordpress\/?page_id=259"},"modified":"2018-06-22T09:17:30","modified_gmt":"2018-06-22T08:17:30","slug":"szkolenia-dla-rady-pedagogicznej","status":"publish","type":"page","link":"http:\/\/pedagog.zsme.pl\/aktualnosci\/szkolenia-dla-rady-pedagogicznej\/","title":{"rendered":"Szkolenia RP"},"content":{"rendered":"<h6>Wykaz szkole\u0144 Rady Pedagogicznej zorganizowanych przez pedagoga szkolnego<\/h6>\n<p><strong>Rok szkolny 2017\/2018<\/strong><\/p>\n<ol>\n<li>M\u00f3zg nastolatka. \u2013 prowadz\u0105ca: Urszula Marcinkowska<\/li>\n<li>Pierwsza pomoc przedmedyczna.- prowadz\u0105cy: lekarze firmy \u201eEasy rescuse\u201d<\/li>\n<li>Zawsze zgodny z liter\u0105 prawa \u2013 prawo i aktualia o\u015bwiatowe. Wyk\u0142ad. \u2013 prowadz\u0105cy Przemys\u0142aw Kluge<\/li>\n<li>Ochrona danych osobowych w szkole w \u015bwietle RODO. \u2013 prowadz\u0105ca Katarzyna Jarkiewicz<\/li>\n<li>Profilaktyka raka piersi. \u2013 prowadz\u0105ce po\u0142o\u017cne Pro Feminae s.c.<\/li>\n<\/ol>\n<p class=\"fonter\"><b>Rok szkolny 2016\/2017<\/b><\/p>\n<ol>\n<li>Profilaktyka uzale\u017cnie\u0144 (Artur Sarna &#8211; WzW &#8211; Wolni z Wyboru).<\/li>\n<li>Praca z uczniem niepe\u0142nosprawnym &#8211; ucze\u0144 chory na cukrzyc\u0119 (Monika Guba\u0142a &#8211; \u015al\u0105ski Uniwersytet Medyczny)<\/li>\n<li>Samob\u00f3jstwa i depresje w\u015br\u00f3d m\u0142odzie\u017cy (dr Urszula Marcinkowska)<\/li>\n<\/ol>\n<p class=\"fonter\"><b>Rok szkolny 2015\/2016<\/b><\/p>\n<ol>\n<li>Uzale\u017cnienia &#8211; profilaktyka uzale\u017cnie\u0144.<\/li>\n<li>Empatia w szkole i w komunikacji spo\u0142ecznej &#8211; zrozumie\u0107 drugiego cz\u0142owieka.<\/li>\n<li>Zaburzenia emocjonalne, psychiczne m\u0142odzie\u017cy w tym Zesp\u00f3\u0142 Aspergera.<\/li>\n<\/ol>\n<p class=\"fonter\"><b>Rok szkolny 2014\/2015<\/b><\/p>\n<ol>\n<li>Hospitacja diagnozuj\u0105ca.<\/li>\n<li>Jak i po co prowadzi\u0107 ewaluacj\u0119 wewn\u0119trzn\u0105?<\/li>\n<\/ol>\n<p class=\"fonter\"><b>Rok szkolny 2013\/2014<\/b><\/p>\n<ol>\n<li>Ucze\u0144 &#8211; aktywny uczestnik procesu uczenia si\u0119.<\/li>\n<\/ol>\n<p class=\"fonter\"><b>Rok szkolny 2012\/2013<\/b><\/p>\n<ol>\n<li>Jak pracowa\u0107 z uczniem s\u0142abym?<\/li>\n<li>Poznajemy swoich uczni\u00f3w &#8211; osobowo\u015b\u0107 i style uczenia si\u0119.<\/li>\n<li>Samoocena i ocena pracy nauczyciela.<\/li>\n<li>Subkultury m\u0142odzie\u017cowe &#8211; grupy uzale\u017cniaj\u0105ce.<\/li>\n<\/ol>\n<p class=\"fonter\"><b>Rok szkolny 2011\/2012<\/b><\/p>\n<ol>\n<li>Mobbing w szkole.<\/li>\n<li>Jak motywowa\u0107 uczni\u00f3w i rodzic\u00f3w do wsp\u00f3\u0142pracy ze szko\u0142\u0105.<\/li>\n<li>Organizacja pomocy psychologiczno-pedagogicznej.<\/li>\n<li>Praca w szkole metod\u0105 projektu.<\/li>\n<\/ol>\n<p class=\"fonter\"><b>Rok szkolny 2010\/2011<\/b><\/p>\n<ol>\n<li>Empatyczne porozumiewanie sie.<\/li>\n<li>Metody rozwiazywania konflikt\u00f3w edukacyjnych i wychowawczych.<\/li>\n<li>Awans zawodowy nauczyciela.<\/li>\n<li>Dzialania interwencyjne.<\/li>\n<li>Wywiad\u00f3wka inaczej.<\/li>\n<li>Praca w grupach. Narzedzia diagnostyczne i ewaluacyjne w pracy nauczyciela i Rady Pedagogicznej.<\/li>\n<li>Profilaktyka chor\u00f3b nowotworowych.<\/li>\n<li>Profilaktyka AIDS.<\/li>\n<\/ol>\n<p class=\"fonter\"><b>Rok szkolny 2009\/2010<\/b><\/p>\n<ol>\n<li>Higiena i emisja glosu<\/li>\n<li>Inteligencja emocjonalna nauczyciela<\/li>\n<li>Wagary i inne sytuacje ryzykowne. Jak radzic sobie z tym problemem.<\/li>\n<li>Samob\u00f3jstwa mlodziezy .Odpornosc dzieci i mlodziez. Jak o nia zadbac i wspierac rozw\u00f3j.<\/li>\n<li>Awans zawodowy nauczyciela.<\/li>\n<li>Modelowy system profilaktyki i pomocy psychologiczno : pedagogicznej uczniom z dysleksja<\/li>\n<\/ol>\n<p class=\"fonter\"><b>Rok szkolny 2008\/2009<\/b><\/p>\n<ol>\n<li>Zagrozenia internetowe : uzaleznienie od sieci, Swiat multimedi\u00f3w. W poszukiwaniu zlotego srodka.<\/li>\n<li>Prawa czlowieka i ucznia, Syndrom FAS,<\/li>\n<li>Jak budowac autorytet nauczyciela.<\/li>\n<li>Nauczanie i wychowanie w kontekscie praw czlowieka.<\/li>\n<li>Szkolenie w dziedzinie bezpieczenstwa i higieny pracy.<\/li>\n<li>Podstawy pomocy przedmedycznej.<\/li>\n<li>Plan wynikowy a podstawa programowa.<\/li>\n<li>Hospitacja diagnozujaca.<\/li>\n<\/ol>\n<p class=\"fonter\"><b>Rok szkolny 2007\/2008<\/b><\/p>\n<ol>\n<li>\u00a0Hospitacja diagnozuj\u0105ca &#8211; Gra\u017cyna Klimek<\/li>\n<li>Podnoszenie umiej\u0119tno\u015bci psychologicznych nauczycieli. &#8211; Mariola Kuja\u0144ska<\/li>\n<li>Warsztat m\u0142odego nauczyciela &#8211; wychowawcy. &#8211; Bo\u017cena Paniczek<\/li>\n<li>Organizacja turystyki szkolnej w kontek\u015bcie odpowiedzialno\u015bci dyscyplinarnej nauczycieli. &#8211; Jerzy Grad<\/li>\n<li>Szkolenie pierwszej pomocy. &#8211; Polski Czerwony Krzy\u017c<\/li>\n<li>Dzia\u0142ania interwencyjne. &#8211; Bo\u017cena Paniczek<\/li>\n<li>Przeciwdzia\u0142anie wypaleniu zawodowemu. &#8211; Anna Studnik<\/li>\n<li>B\u0105d\u017a wolny, nie daj si\u0119 zniewoli\u0107. &#8211; Bogna Ga\u0142ecka &#8211; Nawara<\/li>\n<li>Prowadzenie dokumentacji wychowawcy. &#8211; Gra\u017cyna Klimek<\/li>\n<li>Szkolenie dla cz\u0142onk\u00f3w SZE przed egzaminem maturalnym i egzaminem zawodowym. &#8211; Gra\u017cyna Klimek, Ewa Kuczy\u0144ska &#8211; Tomi\u0142o<\/li>\n<li>.M1: Technologie informacyjne i edukacja multimedialna w praktyce szkolnej (24 h). &#8211; Combidata Poland<\/li>\n<li>.M2: Technologie informacyjne i edukacja multimedialna w praktyce szkolnej (24 h). &#8211; Combidata Poland<\/li>\n<li>.M3: Technologie informacyjne i edukacja multimedialna w praktyce szkolnej (24 h). &#8211; Combidata Poland<\/li>\n<li>.PD1: Przygotowanie nauczycieli do pe\u0142nienia funkcji administratora szkolnej pracowni internetowej (40 h). &#8211; Combidata Poland<\/li>\n<li>.PD2: Przygotowanie nauczycieli do pe\u0142nienia funkcji administratora szkolnej pracowni internetowej (40 h). &#8211; Combidata Poland<\/li>\n<li>.PD3: Przygotowanie nauczycieli do pe\u0142nienia funkcji administratora szkolnej pracowni internetowej (40 h). &#8211; Combidata Poland<\/li>\n<li>Zaawansowane metody tworzenia stron WWW z elementami wykorzystania projektowania w architekturze klient-serwer (40 h). &#8211; Combidata Poland<\/li>\n<li>Zapoznanie ze sposobami wdra\u017cania technologii informacyjnej i mo\u017cliwo\u015bciami jej wykorzystania w usprawnieniu zarz\u0105dzania oraz kreowania wizerunku szko\u0142y (40 h). &#8211; Combidata Poland<\/li>\n<li>Autodesk Inventor Level 1 &#8211; Combidata Poland<\/li>\n<\/ol>\n<p class=\"fonter\"><b>Rok szkolny 2006\/2007<\/b><\/p>\n<ol>\n<li>\u00a0Budowanie indywidualnego programu edukacyjno-terapeutycznego. \/ Mariola Kuja\u0144ska\/<\/li>\n<li>Techniki szybkiego zapami\u0119tywania.\/Justyna Kokot\/<\/li>\n<li>Dzia\u0142ania interwencyjne.\/Bo\u017cena Paniczek\/<\/li>\n<li>Rola Rady Pedagogicznej w mierzeniu jako\u015bci pracy szko\u0142y i tworzeniu systemu zapewniania jako\u015bci. \/El\u017cbieta Linowska\/<\/li>\n<li>Profilaktyka uzale\u017cnie\u0144.\/Regionalne Stowarzyszenie Pomocy i Inicjatyw Spo\u0142ecznych Stacja\/<\/li>\n<li>Niesienie pomocy w przypadku ataku epilepsji.\/Katarzyna Romaniuk\/<\/li>\n<\/ol>\n<p class=\"fonter\"><b>Rok szkolny 2005\/2006<\/b><\/p>\n<ol>\n<li>Procedury awansu zawodowego nauczyciela. \/mgr Janusz Tum\/<\/li>\n<li>Dzia\u0142ania interwencyjne. \/mgr Bo\u017cena Paniczek\/<\/li>\n<li>Formu\u0142owanie cel\u00f3w operacyjnych podczas tworzenia scenariuszy lekcji. \/mgr Janusz Tum\/<\/li>\n<li>Jak motywowa\u0107 do pracy &#8211; nagroda czy kara ? \/Doradca zawodowy mgr Justyna Kokot\/<\/li>\n<li>Efektywne metody aktywizuj\u0105ce w edukacji. \/Doradca zawodowy mgr Justyna Kokot\/<\/li>\n<li>Od skutecznego nauczania do efektywnego uczenia si\u0119. \/Doradca zawodowy mgr Justyna Kokot\/<\/li>\n<li>Profilaktyka raka piersi. \/Piel\u0119gniarki z o\u015brodka zdrowia, mgr Katarzyna Romaniuk\/<\/li>\n<li>Mind mapping &#8211; praktyczne zastosowanie metody aktywnej na zaj\u0119ciach z m\u0142odzie\u017c\u0105. \/mgr Katarzyna Romaniuk, mgr Ewa Kuczy\u0144ska &#8211; Tomi\u0142o\/<\/li>\n<\/ol>\n<p class=\"fonter\"><b>Rok szkolny 2004\/2005<\/b><\/p>\n<ol>\n<li>Dzia\u0142ania interwencyjne, wsp\u00f3\u0142praca plac\u00f3wki z Policj\u0105. \/ przedstawiciel Miejskiej Komisji Policji\/<\/li>\n<li>\u015arodki odurzaj\u0105ce a m\u0142odzie\u017c. \/ prowadz\u0105ca p. Mariola Kuja\u0144ska.\/<\/li>\n<li>\u0141agodzenie konflikt\u00f3w w szkole i w pracy z m\u0142odzie\u017c\u0105. \/ cykl zaj\u0119\u0107 warsztatowych prowadzonych przez p. M. Kuja\u0144ska.\/<\/li>\n<li>Praca z dzieckiem dyslektycznym. \/ warsztaty, pedagog\/<\/li>\n<li>A B C tworzenia program\u00f3w edukacyjnych, profilaktyczno-wychowawczych. \/ pedagog, warsztaty\/<\/li>\n<\/ol>\n<p class=\"fonter\"><b>Rok szkolny 2003\/2004<\/b><\/p>\n<ol>\n<li>Praca z dzieckiem dyslektycznym. \/ warsztaty, pedagog szkolny\/<\/li>\n<li>Dzia\u0142ania interwencyjne. \/ warsztaty, pedagog szkolny\/<\/li>\n<\/ol>\n<p class=\"fonter\"><b>Rok szkolny 2002\/2003<\/b><\/p>\n<ol>\n<li>Udzielanie pierwszej pomocy. \/ s\u0142uchacze Studium Medycznego\/<\/li>\n<li>Ja, jako nauczyciel i wychowawca. \/ warsztaty, pedagog\/<\/li>\n<li>Jak pog\u0142\u0119bi\u0107 inteligencj\u0119 emocjonaln\u0105. \/ warsztaty, pedagog\/<\/li>\n<li>Jak radzi\u0107 sobie ze stresem. \/ warsztaty, pedagog\/<\/li>\n<\/ol>\n<p class=\"fonter\"><b>Rok szkolny 2001\/2002<\/b><\/p>\n<ol>\n<li>Schizofrenia &#8211; otw\u00f3rzcie drzwi. \/ psycholog Szpitala psychiatrycznego w Rybniku.\/<\/li>\n<\/ol>\n<p class=\"fonter\"><b>Rok szkolny 2001\/2002<\/b><\/p>\n<ol>\n<li>M\u0142odzie\u017c i narkotyki &#8211; zagro\u017cenia. \/ pracownik PPP p. Kuja\u0144ska i podkomisarz K.Kazek\/<\/li>\n<li>Grupy destruktywne a m\u0142odzie\u017c. \/ p. Bogna Ga\u0142ecka Nawara przedstawiciel Dominika\u0144skiego Centrum Informacji o Sektach w Krakowie.\/<\/li>\n<\/ol>\n<p class=\"fonter\"><b>Rok szkolny 1998\/99<\/b><\/p>\n<ol>\n<li>Zaburzenia emocjonalne dzieci i m\u0142odzie\u017cy. \/ lekarz psychiatra Anna Koterba\/<\/li>\n<\/ol>\n<p class=\"fonter\"><b>Rok szkolny l997\/98<\/b><\/p>\n<ol>\n<li>Agresja, jej przyczyny i sposoby przeciwdzia\u0142ania jej. \/pracownik PPP\/<\/li>\n<li>Dysleksja i dysortografia. \/ pracownik PPP\/<\/li>\n<\/ol>\n","protected":false},"excerpt":{"rendered":"<p>Wykaz szkole\u0144 Rady Pedagogicznej zorganizowanych przez pedagoga szkolnego Rok szkolny 2017\/2018 M\u00f3zg nastolatka. \u2013 prowadz\u0105ca: Urszula Marcinkowska Pierwsza pomoc przedmedyczna.- prowadz\u0105cy: lekarze firmy \u201eEasy rescuse\u201d Zawsze zgodny z liter\u0105 prawa \u2013 prawo i aktualia o\u015bwiatowe. Wyk\u0142ad. \u2013 prowadz\u0105cy Przemys\u0142aw Kluge Ochrona danych osobowych w szkole w \u015bwietle RODO. \u2013 prowadz\u0105ca Katarzyna Jarkiewicz Profilaktyka raka piersi. &hellip; <a href=\"http:\/\/pedagog.zsme.pl\/aktualnosci\/szkolenia-dla-rady-pedagogicznej\/\" class=\"more-link\">Czytaj dalej<span class=\"screen-reader-text\"> Szkolenia RP<\/span><\/a><\/p>\n","protected":false},"author":2,"featured_media":361,"parent":0,"menu_order":0,"comment_status":"closed","ping_status":"closed","template":"","meta":{"footnotes":""},"_links":{"self":[{"href":"http:\/\/pedagog.zsme.pl\/aktualnosci\/wp-json\/wp\/v2\/pages\/259"}],"collection":[{"href":"http:\/\/pedagog.zsme.pl\/aktualnosci\/wp-json\/wp\/v2\/pages"}],"about":[{"href":"http:\/\/pedagog.zsme.pl\/aktualnosci\/wp-json\/wp\/v2\/types\/page"}],"author":[{"embeddable":true,"href":"http:\/\/pedagog.zsme.pl\/aktualnosci\/wp-json\/wp\/v2\/users\/2"}],"replies":[{"embeddable":true,"href":"http:\/\/pedagog.zsme.pl\/aktualnosci\/wp-json\/wp\/v2\/comments?post=259"}],"version-history":[{"count":7,"href":"http:\/\/pedagog.zsme.pl\/aktualnosci\/wp-json\/wp\/v2\/pages\/259\/revisions"}],"predecessor-version":[{"id":903,"href":"http:\/\/pedagog.zsme.pl\/aktualnosci\/wp-json\/wp\/v2\/pages\/259\/revisions\/903"}],"wp:featuredmedia":[{"embeddable":true,"href":"http:\/\/pedagog.zsme.pl\/aktualnosci\/wp-json\/wp\/v2\/media\/361"}],"wp:attachment":[{"href":"http:\/\/pedagog.zsme.pl\/aktualnosci\/wp-json\/wp\/v2\/media?parent=259"}],"curies":[{"name":"wp","href":"https:\/\/api.w.org\/{rel}","templated":true}]}}