{"id":257,"date":"2017-04-06T10:05:00","date_gmt":"2017-04-06T09:05:00","guid":{"rendered":"http:\/\/pedagog.zsme.pl\/wordpress\/?page_id=257"},"modified":"2017-11-24T08:07:34","modified_gmt":"2017-11-24T07:07:34","slug":"wspolpraca-z-instytucjami","status":"publish","type":"page","link":"http:\/\/pedagog.zsme.pl\/aktualnosci\/wspolpraca-z-instytucjami\/","title":{"rendered":"Wsp\u00f3\u0142praca z instytucjami"},"content":{"rendered":"<p class=\"fonter\"><b>Rok szkolny 2017\/2018<\/b><\/p>\n<ul>\n<li class=\"fonter\">Stowarzyszenie OLIGOS &#8211; praca wolontaryjna uczni\u00f3w, zaj\u0119cia studyjne dla m\u0142odzie\u017cy w budynku stowarzyszenia.<\/li>\n<li class=\"fonter\">Stowarzyszenie Inicjatyw Spo\u0142ecznych CRIS &#8211; warsztaty dla uczni\u00f3w &#8222;Jak zosta\u0107 wolontariuszem&#8221;, realizacja projektu &#8222;Akademia M\u0142odego Technika&#8221; &#8211; reWita \u015ar\u00f3dmie\u015bcie &#8222;W\u0142\u0105cz si\u0119&#8221;.<\/li>\n<li>Wsp\u00f3\u0142praca z Miejskim O\u015brodkiem Pomocy Spo\u0142ecznej &#8211; obserwacja uczni\u00f3w i diagnoza sytuacji rodzinnej na pro\u015bb\u0119 pracownik\u00f3w socjalnych.<\/li>\n<li>Wsp\u00f3\u0142praca z kuratorami S\u0105du Rodzinnego i Wydzia\u0142u dla Nieletnich, z kuratorami s\u0105dowym i spo\u0142ecznymi &#8211; rozmowy profilaktyczno &#8211; ostrzegawcze z uczniami, konsultacje z wychowawcami klas.<\/li>\n<li>Stowarzyszenie &#8222;Strefa WzW wolnych z wyboru&#8221;<\/li>\n<\/ul>\n<p class=\"fonter\">\n<p class=\"fonter\"><b>Rok szkolny 2016\/2017<\/b><\/p>\n<ul class=\"fonter\">\n<li>\u015al\u0105ski Uniwersytet Medyczny w Zabrzu &#8211; szkolenie dla Rady Pedagogicznej i warsztaty dla nauczycieli.<\/li>\n<li>Stowarzyszenie &#8222;Strefa WzW wolnych z wyboru&#8221; &#8211; miejski program profilaktyczny.<\/li>\n<li>Wsp\u00f3\u0142praca z Miejskim O\u015brodkiem Pomocy Spo\u0142ecznej &#8211; obserwacja uczni\u00f3w i diagnoza sytuacji rodzinnej na pro\u015bb\u0119 pracownik\u00f3w socjalnych.<\/li>\n<li>Wsp\u00f3\u0142praca z kuratorami S\u0105du Rodzinnego i Wydzia\u0142u dla Nieletnich, z kuratorami s\u0105dowym i spo\u0142ecznymi &#8211; rozmowy profilaktyczno &#8211; ostrzegawcze z uczniami, konsultacje z wychowawcami klas.<\/li>\n<li>Stowarzyszenie rodzin zast\u0119pczych &#8222;Serduchowo&#8221;<\/li>\n<li>Stowarzyszenie Inicjatyw Spo\u0142ecznych CRIS<\/li>\n<\/ul>\n<p class=\"fonter\"><b>Rok szkolny 2015\/2016<\/b><\/p>\n<ul class=\"fonter\">\n<li>Wsp\u00f3\u0142praca z Miejskim O\u015brodkiem Pomocy Spo\u0142ecznej &#8211; obserwacja uczni\u00f3w i diagnoza sytuacji rodzinnej na pro\u015bb\u0119 pracownik\u00f3w socjalnych.<\/li>\n<li>Wsp\u00f3\u0142praca z kuratorami S\u0105du Rodzinnego i Wydzia\u0142u dla Nieletnich, z kuratorami s\u0105dowym i spo\u0142ecznymi &#8211; rozmowy profilaktyczno &#8211; ostrzegawcze z uczniami, konsultacje z wychowawcami klas.<\/li>\n<li>Wsp\u00f3\u0142praca z funkcjonariuszami Policji z Zespo\u0142u ds. Nieletnich, dzielnicowym (prowadzenie zaj\u0119\u0107 profilaktycznych, rozpoznanie \u015brodowiska, konsultacje dotycz\u0105ce sytuacji szkolnej).<\/li>\n<li>Poradnia Psychologiczno &#8211; Pedagogiczna w Rybniku &#8211; diagnoza, warsztaty dla uczni\u00f3w, terapia indywidualna.<\/li>\n<li>\u015al\u0105ski Uniwersytet Medyczny w Zabrzu &#8211; szkolenie dla Rady Pedagogicznej i warsztaty dla uczni\u00f3w.<\/li>\n<li>Centrum Terapii Nerwic, Depresji i Uzale\u017cnie\u0144 &#8211; warsztaty profilaktyczne dla uczni\u00f3w,<\/li>\n<li>Stowarzyszenie &#8222;Strefa WzW wolnych z wyboru&#8221; &#8211; miejski program profilaktyczny.<\/li>\n<\/ul>\n<p class=\"fonter\"><b>Rok szkolny 2014\/2015<\/b><\/p>\n<ul class=\"fonter\">\n<li>Rejonowa Komenda Policji w Rybniku,<\/li>\n<li>Poradnia Zdrowia Psychicznego w Rybniku.<\/li>\n<li>Poradnia Psychologiczno &#8211; Pedagogiczna w Rybniku,<\/li>\n<li>Kuratorzy spo\u0142eczni.<\/li>\n<li>Strefa WZW, wolnych wybor\u00f3w.<\/li>\n<li>Powiatowa Stacja Sanitarno &#8211; Epidemiologiczna w Rybniku.<\/li>\n<\/ul>\n<p class=\"fonter\"><b>Rok szkolny 2013\/2014<\/b><\/p>\n<ul class=\"fonter\">\n<li>Rejonowa Komenda Policji w Rybniku,<\/li>\n<li>Poradnia Zdrowia Psychicznego w Rybniku.<\/li>\n<li>Poradnia Psychologiczno &#8211; Pedagogiczna w Rybniku,<\/li>\n<li>Kuratorzy spo\u0142eczni.<\/li>\n<li>Strefa WZW, wolnych wybor\u00f3w.<\/li>\n<\/ul>\n<p class=\"fonter\"><b>Rok szkolny 2012\/2013<\/b><\/p>\n<ul class=\"fonter\">\n<li>Rejonowa Komenda Policji w Rybniku,<\/li>\n<li>Poradnia Zdrowia Psychicznego w Rybniku.<\/li>\n<li>Poradnia Psychologiczno &#8211; Pedagogiczna w Rybniku,<\/li>\n<li>Kuratorzy spo\u0142eczni.<\/li>\n<\/ul>\n<p class=\"fonter\"><b>Rok szkolny 2011\/2012<\/b><\/p>\n<ul class=\"fonter\">\n<li>Rejonowa Komenda Policji w Rybniku,<\/li>\n<li>Miejski Dom Opieki Spo\u0142ecznej w Rybniku,<\/li>\n<li>Poradnia Psychologiczno &#8211; Pedagogiczna w Rybniku,<\/li>\n<li>Pomoc Spo\u0142eczna w Rybniku,<\/li>\n<li>Kuratorzy spo\u0142eczni.<\/li>\n<\/ul>\n<p class=\"fonter\"><b>Rok szkolny 2010\/2011<\/b><\/p>\n<ul class=\"fonter\">\n<li>Rejonowa Komenda Policji w Rybniku,<\/li>\n<li>Miejski Dom Opieki Spo\u0142ecznej w Rybniku,<\/li>\n<li>Poradnia Psychologiczno &#8211; Pedagogiczna w Rybniku,<\/li>\n<li>Pomoc Spo\u0142eczna w Rybniku,<\/li>\n<li>Kuratorzy spo\u0142eczni.<\/li>\n<\/ul>\n<p class=\"fonter\"><b>Rok szkolny 2006\/2007<\/b><\/p>\n<p class=\"fonter\">Regionalne Stowarzyszenie Pomocy i Inicjatyw Spo\u0142ecznych Stacja:<\/p>\n<ul class=\"fonter\">\n<li style=\"list-style-type: none;\">\n<ul class=\"fonter\">\n<li>warsztaty profilaktyki uzale\u017cnie\u0144 dla m\u0142odzie\u017cy<\/li>\n<li>szkolenie Rady Pedagogicznej<\/li>\n<li>pogadanka dla rodzic\u00f3w ZSME<\/li>\n<li>miejski konkurs plastyczny Narkotyki Droga &#8211; Donik\u0105d<\/li>\n<\/ul>\n<\/li>\n<\/ul>\n<p class=\"fonter\">Miejski Dom Pomocy Spo\u0142ecznej:<\/p>\n<ul class=\"fonter\">\n<li style=\"list-style-type: none;\">\n<ul class=\"fonter\">\n<li>praca wolontariuszy na rzecz domu opieki<\/li>\n<li>wykonanie Jase\u0142ek<\/li>\n<\/ul>\n<\/li>\n<\/ul>\n<div align=\"right\"><\/div>\n<ul class=\"fonter\">\n<li style=\"list-style-type: none;\">\n<ul class=\"fonter\">\n<li>wykonanie programu artystycznego &#8222;Powitanie wiosny&#8221;<\/li>\n<\/ul>\n<\/li>\n<\/ul>\n<div align=\"right\"><\/div>\n<p class=\"fonter\">Centrum Doradztwa i Kszta\u0142cenia Kadr:<\/p>\n<ul class=\"fonter\">\n<li>warsztaty dla nauczycieli<\/li>\n<li>dy\u017cur psychologa<\/li>\n<li>warsztaty motywacyjne dla uczni\u00f3w<\/li>\n<\/ul>\n<p class=\"fonter\">Regionalny O\u015brodek Doskonalenia Nauczycieli WOM w Rybniku:<\/p>\n<ul class=\"fonter\">\n<li style=\"list-style-type: none;\">\n<ul class=\"fonter\">\n<li>konkurs &#8222;Zapomniane zabytki&#8221;<\/li>\n<\/ul>\n<\/li>\n<\/ul>\n<div align=\"right\"><\/div>\n<p class=\"fonter\">Poradnia Psychologiczno &#8211; Pedagogiczna w Rybniku:<\/p>\n<ul class=\"fonter\">\n<li>badania psychologiczno-pedagogiczne uczni\u00f3w ze specyficznymi problemami w nauce<\/li>\n<li>pomoc psychologiczna dla uczni\u00f3w<\/li>\n<\/ul>\n<p class=\"fonter\">Poradnia Zdrowia Psychicznego:<\/p>\n<ul class=\"fonter\">\n<li>wsp\u00f3\u0142praca z lekarzem psychiatr\u0105 i psychologiem klinicznym ( my\u015bli samob\u00f3jcze, stany l\u0119kowe, zesp\u00f3\u0142 schizofrenopodobny, fobia szkolna, stany depresyjne)<\/li>\n<\/ul>\n<p class=\"fonter\"><b>Rok szkolny 2005\/2006<\/b><\/p>\n<p class=\"fonter\">Miejski Dom Pomocy Spo\u0142ecznej:<\/p>\n<ul class=\"fonter\">\n<li>praca wolontariuszy na rzecz domu opieki<\/li>\n<li>wykonanie Jase\u0142ek dla pensjonariuszy\n<div align=\"right\"><\/div>\n<\/li>\n<\/ul>\n<p class=\"fonter\">Pa\u0144stwowy Szpital dla Nerwowo i Psychicznie Chorych:<\/p>\n<ul class=\"fonter\">\n<li>realizacja programu Schizofrenia &#8211; otw\u00f3rzcie drzwi<\/li>\n<li>wykonanie programu artystycznego dla pacjent\u00f3w szpitala\n<div align=\"right\"><\/div>\n<\/li>\n<\/ul>\n<p class=\"fonter\">Szkolne ko\u0142o PCK:<\/p>\n<ul class=\"fonter\">\n<li>profilaktyka raka piersi<\/li>\n<li>zbi\u00f3rka \u017cywno\u015bci<\/li>\n<\/ul>\n<p class=\"fonter\">Miejska Stacja Sanitarno-Epidemiologiczna:<\/p>\n<ul class=\"fonter\">\n<li>stres pod kontrol\u0105- program edukacyjny dla m\u0142odzie\u017cy<\/li>\n<li>program profilaktyki nowotworowej dla kobiet<\/li>\n<\/ul>\n<p class=\"fonter\">Rybnickie Centrum Kultury:<\/p>\n<ul class=\"fonter\">\n<li>konkurs &#8222;Tolerancja&#8221;<\/li>\n<li>udzia\u0142 m\u0142odzie\u017cy w spektaklach profilaktycznych<\/li>\n<\/ul>\n<p class=\"fonter\">Wsp\u00f3lnota Cenacolo:<\/p>\n<ul class=\"fonter\">\n<li>prelekcje o uzale\u017cnieniach dla m\u0142odzie\u017cy<\/li>\n<\/ul>\n<p class=\"fonter\">Centrum Doradztwa i Kszta\u0142cenia Kadr:<\/p>\n<ul class=\"fonter\">\n<li>warsztaty dla nauczycieli<\/li>\n<li>prelekcje dla rodzic\u00f3w<\/li>\n<\/ul>\n<p class=\"fonter\">Regionalny O\u015brodek Doskonalenia Nauczycieli WOM w Rybniku:<\/p>\n<ul class=\"fonter\">\n<li>konkurs &#8222;Zapomniane zabytki&#8221;<\/li>\n<\/ul>\n<p>&nbsp;<\/p>\n<p class=\"fonter\"><b>Rok szkolny 2004\/2005<\/b><\/p>\n<p class=\"fonter\">Miejska Komenda Policji<\/p>\n<ul class=\"fonter\">\n<li>szkolenie dla Rady Pedagogicznej:<\/li>\n<li>prelekcje dla m\u0142odzie\u017cy na temat zachowania bezpiecze\u0144stwa na drodze<\/li>\n<li>pomoc w rozwi\u0105zywaniu problem\u00f3w wychowawczych<\/li>\n<\/ul>\n<p class=\"fonter\">Poradnia Zdrowia Psychicznego:<\/p>\n<ul class=\"fonter\">\n<li>pomoc uczniom z problemami emocjonalnymi, psychicznymi<\/li>\n<\/ul>\n<p class=\"fonter\">Polski Czerwony Krzy\u017c:<\/p>\n<ul class=\"fonter\">\n<li>akcja krwiodawstwa<\/li>\n<li>prelekcja dla m\u0142odzie\u017cy na temat oddawania krwi<\/li>\n<\/ul>\n<p class=\"fonter\">Miejski Dom Pomocy Spo\u0142ecznej:<\/p>\n<ul class=\"fonter\">\n<li>praca wolontariuszy na rzecz domu opieki<\/li>\n<li>wykonanie Jase\u0142ek dla pensjonariuszy\n<div align=\"right\"><\/div>\n<\/li>\n<\/ul>\n<p class=\"fonter\">Pa\u0144stwowy Szpital dla Nerwowo i Psychicznie Chorych:<\/p>\n<ul class=\"fonter\">\n<li>realizacja programu Schizofrenia \u2013 otw\u00f3rzcie drzwi.<\/li>\n<li>wykonanie programu artystycznego dla pacjent\u00f3w szpitala\n<div align=\"right\"><\/div>\n<\/li>\n<\/ul>\n<p class=\"fonter\">Poradnia Psychologiczno- Pedagogiczna w Rybniku:<\/p>\n<ul class=\"fonter\">\n<li>badania psychologiczno-pedagogiczne uczni\u00f3w ze specyficznymi problemami w nauce<\/li>\n<li>pomoc psychologiczna dla uczni\u00f3w<\/li>\n<li>warsztaty dla uczni\u00f3w w ramach programu \u201eTratwa\u201d<\/li>\n<li>szkolenie Rady Pedagogicznej na temat \u201eM\u0142odzie\u017c i narkotyki\u201d<\/li>\n<li>warsztaty dla nauczycieli \u201e\u0141agodzenie konflikt\u00f3w w pracy z m\u0142odzie\u017c\u0105.\u201d<\/li>\n<\/ul>\n<p class=\"fonter\">O\u015brodek Interwencji Kryzysowej:<\/p>\n<ul class=\"fonter\">\n<li>pomoc uczniom z problemami rodzinnymi<\/li>\n<\/ul>\n<p class=\"fonter\">Miejska Stacja Sanitarno- Epidemiologiczna w Rybniku:<\/p>\n<ul class=\"fonter\">\n<li>Stres pod kontrol\u0105- program edukacyjny dla m\u0142odzie\u017cy<\/li>\n<li>pogadanki dla m\u0142odzie\u017cy na temat szkodliwo\u015bci nikotyny, zagro\u017ce\u0144 zwi\u0105zanych z AIDS<\/li>\n<li>program profilaktyki nowotworowej dla kobiet<\/li>\n<\/ul>\n<p>&nbsp;<\/p>\n<p class=\"fonter\"><b>Rok szkolny 2003\/2004<\/b><\/p>\n<p class=\"fonter\">Miejska Komenda Policji w Rybniku:<\/p>\n<ul class=\"fonter\">\n<li>prelekcja dla rodzic\u00f3w klas pierwszych<\/li>\n<\/ul>\n<p class=\"fonter\">Poradnia Zdrowia Psychicznego:<\/p>\n<ul class=\"fonter\">\n<li>pomoc uczniom z zaburzeniami emocjonalnymi i psychicznymi<\/li>\n<\/ul>\n<p class=\"fonter\">Polski Czerwony Krzy\u017c:<\/p>\n<ul class=\"fonter\">\n<li>zbi\u00f3rka artyku\u0142\u00f3w chemicznych dla potrzeb PCK<\/li>\n<li>akcja krwiodawstwa<\/li>\n<\/ul>\n<p class=\"fonter\">Wojew\u00f3dzki Szpital Specjalistyczny nr3 w Rybniku:<\/p>\n<ul class=\"fonter\">\n<li>pogadanki na temat AIDS<\/li>\n<\/ul>\n<p class=\"fonter\">Medyczne Studium Zawodowe:<\/p>\n<ul class=\"fonter\">\n<li>pogadanka na temat anoreksji i stresu<\/li>\n<\/ul>\n<p class=\"fonter\">Miejski Dom Pomocy Spo\u0142ecznej:<\/p>\n<ul class=\"fonter\">\n<li>praca wolontariuszy<\/li>\n<\/ul>\n<p class=\"fonter\">Pa\u0144stwowy Szpital dla Nerwowo i Psychicznie Chorych w Rybniku:<\/p>\n<ul class=\"fonter\">\n<li>realizacja programu &#8222;Schizofrenia &#8211; otw\u00f3rzcie drzwi&#8221;<\/li>\n<\/ul>\n<p class=\"fonter\">Poradnia Psychologiczno &#8211; Pedagogiczna:<\/p>\n<ul class=\"fonter\">\n<li>badania psych-ped uczni\u00f3w ze specyficznymi problemami w nauce<\/li>\n<li>pomoc psychologiczna uczniom z problemami emocjonalnymi<\/li>\n<\/ul>\n<p class=\"fonter\">O\u015brodek Interwencji Kryzysowej:<\/p>\n<ul class=\"fonter\">\n<li>pomoc uczennicy z problemami rodzinnymi<\/li>\n<\/ul>\n<p class=\"fonter\">Poradnia Leczenia Uzale\u017cnie\u0144:<\/p>\n<ul class=\"fonter\">\n<li>pomoc uczniom maj\u0105cym problemy z narkotykami i hazardem<\/li>\n<\/ul>\n<p>&nbsp;<\/p>\n<p class=\"fonter\"><b>Rok szkolny 2002\/2003<\/b><\/p>\n<p class=\"fonter\">Terenowe Ko\u0142o PCK:<\/p>\n<ul class=\"fonter\">\n<li>zbi\u00f3rka \u017cywno\u015bci dla potrzeb uczni\u00f3w naszej szko\u0142y i PCK<\/li>\n<li>akcja krwiodawstwa<\/li>\n<\/ul>\n<p class=\"fonter\">Miejska Stacja Sanitarno &#8211; Epidemiologiczna w Rybniku:<\/p>\n<ul class=\"fonter\">\n<li>&#8222;Stres pod kontrol\u0105&#8221; &#8211; program edukacyjny dla maturzyst\u00f3w<\/li>\n<li>pogadanki antynikotynowe dla m\u0142odzie\u017cy<\/li>\n<\/ul>\n<p class=\"fonter\">Medyczne Studium Zawodowe w Rybniku:<\/p>\n<ul class=\"fonter\">\n<li>szkolenie Rady Pedagogicznej i m\u0142odzie\u017cy w zakresie udzielania pierwszej pomocy przed medycznej<\/li>\n<\/ul>\n<p class=\"fonter\">Pa\u0144stwowy Szpital dla Nerwowo i Psychicznie Chorych:<\/p>\n<ul class=\"fonter\">\n<li>realizacja programu &#8222;Schizofrenia &#8211; otw\u00f3rzcie drzwi&#8221;<\/li>\n<\/ul>\n<p class=\"fonter\">Miejska Komenda Policji w Rybniku:<\/p>\n<ul class=\"fonter\">\n<li>pogadanka na temat odpowiedzialno\u015bci karnej nieletnich<\/li>\n<li>pomoc w rozwi\u0105zywaniu problem\u00f3w wychowawczych<\/li>\n<\/ul>\n<p class=\"fonter\">Miejski Dom Opieki Spo\u0142ecznej:<\/p>\n<ul class=\"fonter\">\n<li>prace porz\u0105dkowe wolontariuszy<\/li>\n<li>\u015bpiewanie kol\u0119d<\/li>\n<\/ul>\n<p class=\"fonter\">Pa\u0144stwowy Dom Ma\u0142ego Dziecka:<\/p>\n<ul class=\"fonter\">\n<li>prace porz\u0105dkowe wolontariuszy<\/li>\n<\/ul>\n<p class=\"fonter\">O\u015brodek Interwencji Kryzysowej:<\/p>\n<ul class=\"fonter\">\n<li>pomoc w rozwi\u0105zywaniu problem\u00f3w opieku\u0144czo &#8211; wychowawczych<\/li>\n<\/ul>\n<p class=\"fonter\">Poradnia psychologiczno &#8211; Pedagogiczna:<\/p>\n<ul class=\"fonter\">\n<li>badania psychologiczno &#8211; pedagogiczne uczni\u00f3w ze specyficznymi problemami w nauce<\/li>\n<\/ul>\n<p>&nbsp;<\/p>\n<p class=\"fonter\"><b>Rok szkolny 2001\/2002<\/b><\/p>\n<p class=\"fonter\">Poradnia Psychologiczno &#8211; Pedagogiczna:<\/p>\n<ul class=\"fonter\">\n<li>badania psychologiczne i pedagogiczne uczni\u00f3w<\/li>\n<\/ul>\n<p class=\"fonter\">Pa\u0144stwowy szpital dla Nerwowo i Psychicznie Chorych w Rybniku:<\/p>\n<ul class=\"fonter\">\n<li>udzia\u0142 m\u0142odzie\u017cy i nauczycieli w programie &#8222;Schizofrenia &#8211; otw\u00f3rzcie drzwi&#8221;<\/li>\n<li>wsp\u00f3\u0142praca z Galeri\u0105 INNA &#8211; wystawa prac ucznia naszej szko\u0142y<\/li>\n<\/ul>\n<p class=\"fonter\">Miejska Stacja Sanitarno &#8211; Epidemiologiczna w Rybniku:<\/p>\n<ul class=\"fonter\">\n<li>udzia\u0142 w Rybnickich Dniach promocji Zdrowia<\/li>\n<li>pogadanki dla m\u0142odzie\u017cy z doktorem Wa\u0142kiem na temat: &#8222;Aids &#8211; D\u017cuma XXI wieku&#8221;<\/li>\n<\/ul>\n<p class=\"fonter\">Powiatowy Urz\u0105d Pracy:<\/p>\n<ul class=\"fonter\">\n<li>zaj\u0119cia preorientacji zawodowej<\/li>\n<\/ul>\n<p class=\"fonter\">Miejska Komenda Policji w Rybniku:<\/p>\n<ul class=\"fonter\">\n<li>pomoc w rozwi\u0105zywaniu problem\u00f3w<\/li>\n<\/ul>\n<p class=\"fonter\">Poradnia Zdrowia Psychicznego:<\/p>\n<ul class=\"fonter\">\n<li>pomoc uczniom w stanach depresyjnych<\/li>\n<li>u\u017cywanie narkotyk\u00f3w<\/li>\n<\/ul>\n<p>&nbsp;<\/p>\n<p class=\"fonter\"><b>Rok szkolny 2000\/2001<\/b><\/p>\n<p class=\"fonter\">Poradnia Psychologiczno &#8211; Pedagogiczna w Rybniku:<\/p>\n<ul class=\"fonter\">\n<li>badania psychologiczne i pedagogiczne uczni\u00f3w maj\u0105cych problemy w nauce, zaburzenia emocjonalne; indywidualne terapie dla uczni\u00f3w<\/li>\n<li>udzia\u0142 pracownika PPP w konferencji Rady Pedagogicznej<\/li>\n<\/ul>\n<p class=\"fonter\">Dominika\u0144skie Centrum Informacyjne o Sektach w Krakowie:<\/p>\n<ul class=\"fonter\">\n<li>zorganizowanie konferencji dla Rady Pedagogicznej i spotkania dla rodzic\u00f3w z udzia\u0142em przedstawiciela DCI i S o grupach destruktywnych<\/li>\n<\/ul>\n<p class=\"fonter\">Miejska Stacja Sanitarno &#8211; Epidemiologiczna w Rybniku:<\/p>\n<ul class=\"fonter\">\n<li>Olimpiada Wiedzy o AIDS<\/li>\n<li>Rybnickie Dni Promocji Zdrowia; udzia\u0142 m\u0142odzie\u017cy w pogadankach<\/li>\n<\/ul>\n<p class=\"fonter\">Poradnia Zdrowia Psychicznego:<\/p>\n<ul class=\"fonter\">\n<li>wsp\u00f3\u0142praca z lekarzem psychiatr\u0105 i psychologiem klinicznym ( my\u015bli samob\u00f3jcze, stany l\u0119kowe, zesp\u00f3\u0142 schizofrenopodobny, fobia szkolna, stany depresyjne)<\/li>\n<\/ul>\n<p class=\"fonter\">O\u015brodek Interwencji Kryzysowej:<\/p>\n<ul class=\"fonter\">\n<li>pomoc uczniom w trudnych sytuacjach rodzinnych<\/li>\n<\/ul>\n<p class=\"fonter\">Miejska Komenda Policji w Rybniku:<\/p>\n<ul class=\"fonter\">\n<li>udzia\u0142 w szkoleniu Rady Pedagogicznej podkomisarza Kazka<\/li>\n<li>pomoc w rozwi\u0105zywaniu problem\u00f3w<\/li>\n<\/ul>\n<p class=\"fonter\">Powiatowy Urz\u0105d Pracy:<\/p>\n<ul class=\"fonter\">\n<li>prelekcje na temat preorientacji zawodowej<\/li>\n<\/ul>\n","protected":false},"excerpt":{"rendered":"<p>Rok szkolny 2017\/2018 Stowarzyszenie OLIGOS &#8211; praca wolontaryjna uczni\u00f3w, zaj\u0119cia studyjne dla m\u0142odzie\u017cy w budynku stowarzyszenia. Stowarzyszenie Inicjatyw Spo\u0142ecznych CRIS &#8211; warsztaty dla uczni\u00f3w &#8222;Jak zosta\u0107 wolontariuszem&#8221;, realizacja projektu &#8222;Akademia M\u0142odego Technika&#8221; &#8211; reWita \u015ar\u00f3dmie\u015bcie &#8222;W\u0142\u0105cz si\u0119&#8221;. Wsp\u00f3\u0142praca z Miejskim O\u015brodkiem Pomocy Spo\u0142ecznej &#8211; obserwacja uczni\u00f3w i diagnoza sytuacji rodzinnej na pro\u015bb\u0119 pracownik\u00f3w socjalnych. Wsp\u00f3\u0142praca &hellip; <a href=\"http:\/\/pedagog.zsme.pl\/aktualnosci\/wspolpraca-z-instytucjami\/\" class=\"more-link\">Czytaj dalej<span class=\"screen-reader-text\"> Wsp\u00f3\u0142praca z instytucjami<\/span><\/a><\/p>\n","protected":false},"author":2,"featured_media":511,"parent":0,"menu_order":0,"comment_status":"closed","ping_status":"closed","template":"","meta":{"footnotes":""},"_links":{"self":[{"href":"http:\/\/pedagog.zsme.pl\/aktualnosci\/wp-json\/wp\/v2\/pages\/257"}],"collection":[{"href":"http:\/\/pedagog.zsme.pl\/aktualnosci\/wp-json\/wp\/v2\/pages"}],"about":[{"href":"http:\/\/pedagog.zsme.pl\/aktualnosci\/wp-json\/wp\/v2\/types\/page"}],"author":[{"embeddable":true,"href":"http:\/\/pedagog.zsme.pl\/aktualnosci\/wp-json\/wp\/v2\/users\/2"}],"replies":[{"embeddable":true,"href":"http:\/\/pedagog.zsme.pl\/aktualnosci\/wp-json\/wp\/v2\/comments?post=257"}],"version-history":[{"count":5,"href":"http:\/\/pedagog.zsme.pl\/aktualnosci\/wp-json\/wp\/v2\/pages\/257\/revisions"}],"predecessor-version":[{"id":660,"href":"http:\/\/pedagog.zsme.pl\/aktualnosci\/wp-json\/wp\/v2\/pages\/257\/revisions\/660"}],"wp:featuredmedia":[{"embeddable":true,"href":"http:\/\/pedagog.zsme.pl\/aktualnosci\/wp-json\/wp\/v2\/media\/511"}],"wp:attachment":[{"href":"http:\/\/pedagog.zsme.pl\/aktualnosci\/wp-json\/wp\/v2\/media?parent=257"}],"curies":[{"name":"wp","href":"https:\/\/api.w.org\/{rel}","templated":true}]}}