{"id":188,"date":"2017-03-30T08:30:02","date_gmt":"2017-03-30T07:30:02","guid":{"rendered":"http:\/\/pedagog.zsme.pl\/wordpress\/?page_id=188"},"modified":"2017-06-09T20:29:30","modified_gmt":"2017-06-09T19:29:30","slug":"niebieski-rybnik","status":"publish","type":"page","link":"http:\/\/pedagog.zsme.pl\/aktualnosci\/profilaktyka\/niebieski-rybnik\/","title":{"rendered":"Niebieski Rybnik"},"content":{"rendered":"<h6 style=\"text-align: justify;\">Uzale\u017cnienie i przemoc<\/h6>\n<p style=\"text-align: justify;\">Uczniowie naszej szko\u0142y wzi\u0119li udzia\u0142 w spotkaniach z Andrzejem Korsarzem. G\u0142\u00f3wnym celem spotka\u0144 by\u0142o poszerzenie \u015bwiadomo\u015bci na temat przemocy w rodzinie i uzale\u017cnienia od alkoholu oraz pokazanie, jak wygl\u0105da przemoc w oczach dziecka. Istnieje b\u0142\u0119dne przekonanie, \u017ce dzieci nie widz\u0105, nie s\u0142ysz\u0105, \u017ce nie s\u0105 \u015bwiadome tego, co dzieje si\u0119 w domu. Pan Andrzej Korsarz jest absolwentem historii na Uniwersytecie \u015al\u0105skim w Katowicach. Pracuje w rodzinnym mie\u015bcie jako wychowawca dzieci i m\u0142odzie\u017cy w plac\u00f3wce wsparcia dziennego. Zdoby\u0142 kilkana\u015bcie nagr\u00f3d i wyr\u00f3\u017cnie\u0144 w og\u00f3lnopolskich konkursach literackich. Jego wiersze znalaz\u0142y si\u0119 w wydawnictwach pokonkursowych i prasie. Jest r\u00f3wnie\u017c autorem ksi\u0105\u017cki &#8222;Sportowe sukcesy Polak\u00f3w 1918-2008&#8221;.<\/p>\n<p style=\"text-align: justify;\"><i>Dziecko alkoholika<br \/>\nudaje,<br \/>\n\u017ce drugie \u015bniadanie zjad\u0142o<br \/>\nw drodze do szko\u0142y.<br \/>\nDziecko alkoholika<br \/>\nzapewnia,<br \/>\n\u017ce brud za paznokciem<br \/>\nma najwy\u017cej od godziny.<br \/>\nDziecko alkoholika<br \/>\nnie m\u00f3wi,<br \/>\n\u017ce nie kocha ojca.<br \/>\nGdy pewnego dnia<br \/>\nkto\u015b powiedzia\u0142,<br \/>\n\u017ce rozumie moj\u0105 sytuacj\u0119,<br \/>\npoczu\u0142em si\u0119 jak oszust.<br \/>\nMoje dzieci\u0144stwo<br \/>\nzamkn\u0119\u0142o si\u0119 w dw\u00f3ch rozdzia\u0142ach.<br \/>\nW pierwszym<br \/>\nwszystko wydawa\u0142o mi si\u0119<br \/>\nbeztroskie.<br \/>\nNie rozumia\u0142em tylko p\u0142aczu mamy.<br \/>\nW drugim zauwa\u017ca\u0142em<br \/>\nchwiejny krok,<br \/>\nprzymglone spojrzenie<br \/>\ni zapl\u0105tany j\u0119zyk ojca,<br \/>\ni czu\u0142em, \u017ce mamie jest ju\u017c wszystko jedno,<br \/>\nbo nie p\u0142aka\u0142a.<br \/>\nKiedy nadchodzi\u0142a burza<br \/>\ni nad naszym domem<br \/>\nrozlega\u0142y si\u0119 grzmoty,<br \/>\nojciec m\u00f3wi\u0142,<br \/>\n\u017ce anio\u0142owie przetaczaj\u0105 w niebie<br \/>\nbeczki z winem&#8230;<br \/>\nZawsze wszystko<br \/>\nkojarzy\u0142o mu si\u0119 z alkoholem.<br \/>\n<\/i><\/p>\n<p style=\"text-align: justify;\"><a href=\"http:\/\/pedagog.zsme.pl\/wp-content\/uploads\/2017\/03\/2-6.jpg\" rel=\"attachment wp-att-190\"><img loading=\"lazy\" decoding=\"async\" class=\"alignnone wp-image-190 size-full\" src=\"http:\/\/pedagog.zsme.pl\/wp-content\/uploads\/2017\/03\/2-6.jpg\" alt=\"\" width=\"960\" height=\"635\" srcset=\"http:\/\/pedagog.zsme.pl\/wp-content\/uploads\/2017\/03\/2-6.jpg 960w, http:\/\/pedagog.zsme.pl\/wp-content\/uploads\/2017\/03\/2-6-300x198.jpg 300w, http:\/\/pedagog.zsme.pl\/wp-content\/uploads\/2017\/03\/2-6-768x508.jpg 768w\" sizes=\"(max-width: 709px) 85vw, (max-width: 909px) 67vw, (max-width: 1362px) 62vw, 840px\" \/><\/a><\/p>\n<hr \/>\n<p style=\"text-align: justify;\"><strong>23.10.2014<\/strong><\/p>\n<p style=\"text-align: justify;\">O\u015brodek Pomocy Spo\u0142ecznej w Rybniku realizuje projekt &#8222;Niebieski Rybnik&#8221;, po\u015bwi\u0119cony problemowi przemocy w rodzinie. Dzia\u0142ania te obj\u0105\u0142 patronatem Prezydent Miasta Rybnika, za\u015b partnerami w jego realizacji s\u0105 podmioty realizuj\u0105ce zadania z zakresu przemocy, a w szczeg\u00f3lno\u015bci: policja, s\u0105d, prokuratura, szko\u0142y, s\u0142u\u017cba zdrowia, plac\u00f3wki lecznictwa odwykowego, jednostki pomocy spo\u0142ecznej, organizacje wyznaniowe i pozarz\u0105dowe. \u015arodki finansowe na realizacj\u0119 projektu zosta\u0142y pozyskane dzi\u0119ki udzia\u0142owi w konkursie w ramach Programu Os\u0142onowego &#8222;Wspieranie Jednostek Samorz\u0105du Terytorialnego w Tworzeniu Systemu Przeciwdzia\u0142ania Przemocy w Rodzinie&#8221;, organizowanego przez Ministerstwo Pracy i Polityki Spo\u0142ecznej.<\/p>\n<p style=\"text-align: justify;\">Projekt odpowiada na rosn\u0105c\u0105 potrzeb\u0119 wspierania os\u00f3b dotkni\u0119tych przemoc\u0105. Statystyki wskazuj\u0105 na coraz wi\u0119ksz\u0105 liczb\u0119 rodzin obj\u0119tych pomoc\u0105 w zwi\u0105zku z wyst\u0119powaniem przemocy. Tendencja ta jest zauwa\u017calna zar\u00f3wno w skali ca\u0142ego kraju, jak i w wojew\u00f3dztwie \u015bl\u0105skim i samym mie\u015bcie Rybniku.<\/p>\n<p style=\"text-align: justify;\">G\u0142\u00f3wnym celem projektu &#8222;Niebieski Rybnik&#8221; jest poszerzenie \u015bwiadomo\u015bci mieszka\u0144c\u00f3w miasta Rybnika na temat przemocy w rodzinie i uzale\u017cnienia od alkoholu. W ramach projektu przewiduje si\u0119 dotarcie zar\u00f3wno do poszczeg\u00f3lnych grup odbiorc\u00f3w, jak i og\u00f3lnie do wszystkich mieszka\u0144c\u00f3w Rybnika. Jest to pierwszy tego typu projekt realizowany w mie\u015bcie.<\/p>\n","protected":false},"excerpt":{"rendered":"<p>Uzale\u017cnienie i przemoc Uczniowie naszej szko\u0142y wzi\u0119li udzia\u0142 w spotkaniach z Andrzejem Korsarzem. G\u0142\u00f3wnym celem spotka\u0144 by\u0142o poszerzenie \u015bwiadomo\u015bci na temat przemocy w rodzinie i uzale\u017cnienia od alkoholu oraz pokazanie, jak wygl\u0105da przemoc w oczach dziecka. Istnieje b\u0142\u0119dne przekonanie, \u017ce dzieci nie widz\u0105, nie s\u0142ysz\u0105, \u017ce nie s\u0105 \u015bwiadome tego, co dzieje si\u0119 w domu. &hellip; <a href=\"http:\/\/pedagog.zsme.pl\/aktualnosci\/profilaktyka\/niebieski-rybnik\/\" class=\"more-link\">Czytaj dalej<span class=\"screen-reader-text\"> Niebieski Rybnik<\/span><\/a><\/p>\n","protected":false},"author":2,"featured_media":189,"parent":40,"menu_order":0,"comment_status":"closed","ping_status":"closed","template":"","meta":{"footnotes":""},"_links":{"self":[{"href":"http:\/\/pedagog.zsme.pl\/aktualnosci\/wp-json\/wp\/v2\/pages\/188"}],"collection":[{"href":"http:\/\/pedagog.zsme.pl\/aktualnosci\/wp-json\/wp\/v2\/pages"}],"about":[{"href":"http:\/\/pedagog.zsme.pl\/aktualnosci\/wp-json\/wp\/v2\/types\/page"}],"author":[{"embeddable":true,"href":"http:\/\/pedagog.zsme.pl\/aktualnosci\/wp-json\/wp\/v2\/users\/2"}],"replies":[{"embeddable":true,"href":"http:\/\/pedagog.zsme.pl\/aktualnosci\/wp-json\/wp\/v2\/comments?post=188"}],"version-history":[{"count":5,"href":"http:\/\/pedagog.zsme.pl\/aktualnosci\/wp-json\/wp\/v2\/pages\/188\/revisions"}],"predecessor-version":[{"id":539,"href":"http:\/\/pedagog.zsme.pl\/aktualnosci\/wp-json\/wp\/v2\/pages\/188\/revisions\/539"}],"up":[{"embeddable":true,"href":"http:\/\/pedagog.zsme.pl\/aktualnosci\/wp-json\/wp\/v2\/pages\/40"}],"wp:featuredmedia":[{"embeddable":true,"href":"http:\/\/pedagog.zsme.pl\/aktualnosci\/wp-json\/wp\/v2\/media\/189"}],"wp:attachment":[{"href":"http:\/\/pedagog.zsme.pl\/aktualnosci\/wp-json\/wp\/v2\/media?parent=188"}],"curies":[{"name":"wp","href":"https:\/\/api.w.org\/{rel}","templated":true}]}}