{"id":178,"date":"2017-03-30T08:22:27","date_gmt":"2017-03-30T07:22:27","guid":{"rendered":"http:\/\/pedagog.zsme.pl\/wordpress\/?page_id=178"},"modified":"2017-06-08T09:54:41","modified_gmt":"2017-06-08T08:54:41","slug":"profilaktyka-raka-piersi","status":"publish","type":"page","link":"http:\/\/pedagog.zsme.pl\/aktualnosci\/profilaktyka\/profilaktyka-raka-piersi\/","title":{"rendered":"Profilaktyka raka piersi"},"content":{"rendered":"<p style=\"text-align: justify;\">Uczennice naszej szko\u0142y wzi\u0119\u0142y udzia\u0142 w warsztatach z zakresu profilaktyki raka piersi i szyjki macicy. Zaj\u0119cia te prowadzi\u0142y po\u0142o\u017cne NZOZ &#8222;PRO FEMINAE&#8221; S.C. W trakcie zaj\u0119\u0107 dziewcz\u0119ta uzyska\u0142y informacje dotycz\u0105ce zagro\u017ce\u0144 zwi\u0105zanych z rakiem, ale r\u00f3wnie\u017c nauczy\u0142y si\u0119 jak dokonywa\u0107 samobadania piersi. Rak piersi jest najcz\u0119stszym w Polsce kobiecym nowotworem z\u0142o\u015bliwym (blisko 22% wszystkich zachorowa\u0144 na nowotwory z\u0142o\u015bliwe). Stanowi g\u0142\u00f3wn\u0105 przyczyn\u0119 zgon\u00f3w kobiet z powodu chor\u00f3b nowotworowych (13% wszystkich zgon\u00f3w pacjentek onkologicznych). Samobadanie piersi jest podstawowym, bardzo wa\u017cnym elementem w procesie wczesnego wykrywania raka piersi. Sk\u0142ada si\u0119 z dw\u00f3ch etap\u00f3w: ogl\u0105dania stanu piersi oraz badania dotykowego, tzw. palpacji. W leczeniu nowotwor\u00f3w piersi niezwykle wa\u017cna jest profilaktyka. Wszyscy specjali\u015bci w Polsce twierdz\u0105, \u017ce w wielu przypadkach mo\u017cliwe by by\u0142o skutecznie wyleczenie, gdyby pacjentka zg\u0142osi\u0142a si\u0119 do lekarza du\u017co wcze\u015bniej.<\/p>\n","protected":false},"excerpt":{"rendered":"<p>Uczennice naszej szko\u0142y wzi\u0119\u0142y udzia\u0142 w warsztatach z zakresu profilaktyki raka piersi i szyjki macicy. Zaj\u0119cia te prowadzi\u0142y po\u0142o\u017cne NZOZ &#8222;PRO FEMINAE&#8221; S.C. W trakcie zaj\u0119\u0107 dziewcz\u0119ta uzyska\u0142y informacje dotycz\u0105ce zagro\u017ce\u0144 zwi\u0105zanych z rakiem, ale r\u00f3wnie\u017c nauczy\u0142y si\u0119 jak dokonywa\u0107 samobadania piersi. Rak piersi jest najcz\u0119stszym w Polsce kobiecym nowotworem z\u0142o\u015bliwym (blisko 22% wszystkich zachorowa\u0144 &hellip; <a href=\"http:\/\/pedagog.zsme.pl\/aktualnosci\/profilaktyka\/profilaktyka-raka-piersi\/\" class=\"more-link\">Czytaj dalej<span class=\"screen-reader-text\"> Profilaktyka raka piersi<\/span><\/a><\/p>\n","protected":false},"author":2,"featured_media":179,"parent":40,"menu_order":0,"comment_status":"closed","ping_status":"closed","template":"","meta":{"footnotes":""},"_links":{"self":[{"href":"http:\/\/pedagog.zsme.pl\/aktualnosci\/wp-json\/wp\/v2\/pages\/178"}],"collection":[{"href":"http:\/\/pedagog.zsme.pl\/aktualnosci\/wp-json\/wp\/v2\/pages"}],"about":[{"href":"http:\/\/pedagog.zsme.pl\/aktualnosci\/wp-json\/wp\/v2\/types\/page"}],"author":[{"embeddable":true,"href":"http:\/\/pedagog.zsme.pl\/aktualnosci\/wp-json\/wp\/v2\/users\/2"}],"replies":[{"embeddable":true,"href":"http:\/\/pedagog.zsme.pl\/aktualnosci\/wp-json\/wp\/v2\/comments?post=178"}],"version-history":[{"count":2,"href":"http:\/\/pedagog.zsme.pl\/aktualnosci\/wp-json\/wp\/v2\/pages\/178\/revisions"}],"predecessor-version":[{"id":453,"href":"http:\/\/pedagog.zsme.pl\/aktualnosci\/wp-json\/wp\/v2\/pages\/178\/revisions\/453"}],"up":[{"embeddable":true,"href":"http:\/\/pedagog.zsme.pl\/aktualnosci\/wp-json\/wp\/v2\/pages\/40"}],"wp:featuredmedia":[{"embeddable":true,"href":"http:\/\/pedagog.zsme.pl\/aktualnosci\/wp-json\/wp\/v2\/media\/179"}],"wp:attachment":[{"href":"http:\/\/pedagog.zsme.pl\/aktualnosci\/wp-json\/wp\/v2\/media?parent=178"}],"curies":[{"name":"wp","href":"https:\/\/api.w.org\/{rel}","templated":true}]}}