{"id":1446,"date":"2023-01-30T14:33:14","date_gmt":"2023-01-30T13:33:14","guid":{"rendered":"http:\/\/pedagog.zsme.pl\/?page_id=1446"},"modified":"2023-02-01T11:56:20","modified_gmt":"2023-02-01T10:56:20","slug":"szkola-odpowiedzialna-cyfrowo","status":"publish","type":"page","link":"http:\/\/pedagog.zsme.pl\/aktualnosci\/szkola-odpowiedzialna-cyfrowo\/","title":{"rendered":"Szko\u0142a Odpowiedzialna Cyfrowo"},"content":{"rendered":"\n<div><b>Szanowni Pa\u0144stwo<\/b><\/div>\n<div><b>\u00a0<\/b><\/div>\n<div><b>zach\u0119cam do zapoznania si\u0119 z opracowanym przez Fundacj\u0119 DBAM O M\u00d3J Z@SI\u0118G poradnikiem dla m\u0142odych rodzic\u00f3w, kt\u00f3ry <\/b><span style=\"color: #000000;\"><b>dotyczy zarz\u0105dzania nowymi technologiami w domu.\u00a0 <\/b><\/span><a href=\"https:\/\/dbamomojzasieg.pl\/wp-content\/uploads\/2022\/12\/Nowe-technologie-w-domu-Poradnik-dla-rodzicow-strony.pdf\" target=\"_blank\" rel=\"noopener\" data-saferedirecturl=\"https:\/\/www.google.com\/url?q=https:\/\/dbamomojzasieg.pl\/wp-content\/uploads\/2022\/12\/Nowe-technologie-w-domu-Poradnik-dla-rodzicow-strony.pdf&amp;source=gmail&amp;ust=1675321308535000&amp;usg=AOvVaw0Sxc8u2IkNzt6p2VZ7GkyW\">https:\/\/dbamomojzasieg.pl\/<wbr \/>wp-content\/uploads\/2022\/12\/<wbr \/>Nowe-technologie-w-domu-<wbr \/>Poradnik-dla-rodzicow-strony.<wbr \/>pdf<\/a><\/div>\n<div>\u00a0<\/div>\n","protected":false},"excerpt":{"rendered":"<p>Szanowni Pa\u0144stwo \u00a0 zach\u0119cam do zapoznania si\u0119 z opracowanym przez Fundacj\u0119 DBAM O M\u00d3J Z@SI\u0118G poradnikiem dla m\u0142odych rodzic\u00f3w, kt\u00f3ry dotyczy zarz\u0105dzania nowymi technologiami w domu.\u00a0 https:\/\/dbamomojzasieg.pl\/wp-content\/uploads\/2022\/12\/Nowe-technologie-w-domu-Poradnik-dla-rodzicow-strony.pdf \u00a0<\/p>\n","protected":false},"author":8,"featured_media":0,"parent":0,"menu_order":0,"comment_status":"closed","ping_status":"closed","template":"","meta":{"footnotes":""},"_links":{"self":[{"href":"http:\/\/pedagog.zsme.pl\/aktualnosci\/wp-json\/wp\/v2\/pages\/1446"}],"collection":[{"href":"http:\/\/pedagog.zsme.pl\/aktualnosci\/wp-json\/wp\/v2\/pages"}],"about":[{"href":"http:\/\/pedagog.zsme.pl\/aktualnosci\/wp-json\/wp\/v2\/types\/page"}],"author":[{"embeddable":true,"href":"http:\/\/pedagog.zsme.pl\/aktualnosci\/wp-json\/wp\/v2\/users\/8"}],"replies":[{"embeddable":true,"href":"http:\/\/pedagog.zsme.pl\/aktualnosci\/wp-json\/wp\/v2\/comments?post=1446"}],"version-history":[{"count":3,"href":"http:\/\/pedagog.zsme.pl\/aktualnosci\/wp-json\/wp\/v2\/pages\/1446\/revisions"}],"predecessor-version":[{"id":1563,"href":"http:\/\/pedagog.zsme.pl\/aktualnosci\/wp-json\/wp\/v2\/pages\/1446\/revisions\/1563"}],"wp:attachment":[{"href":"http:\/\/pedagog.zsme.pl\/aktualnosci\/wp-json\/wp\/v2\/media?parent=1446"}],"curies":[{"name":"wp","href":"https:\/\/api.w.org\/{rel}","templated":true}]}}