{"id":143,"date":"2017-03-23T11:14:32","date_gmt":"2017-03-23T10:14:32","guid":{"rendered":"http:\/\/pedagog.zsme.pl\/wordpress\/?page_id=143"},"modified":"2018-03-16T09:02:14","modified_gmt":"2018-03-16T08:02:14","slug":"transplantacja","status":"publish","type":"page","link":"http:\/\/pedagog.zsme.pl\/aktualnosci\/profilaktyka\/transplantacja\/","title":{"rendered":"Transplantacja"},"content":{"rendered":"<h6>Transplantacja 2018<\/h6>\n<p><em>\u201eKa\u017cdy przeszczep narz\u0105du ma swoje \u017ar\u00f3d\u0142o w decyzji o wielkiej warto\u015bci etycznej, decyzji, aby bezinteresownie ofiarowa\u0107 cz\u0119\u015b\u0107 w\u0142asnego cia\u0142a z my\u015bl\u0105 o zdrowiu i dobru innego cz\u0142owieka. Na tym w\u0142a\u015bnie polega szlachetno\u015b\u0107 tego czynu, kt\u00f3ry jest autentycznym aktem mi\u0142o\u015bci.\u201d<\/em>\u00a0&#8211; to s\u0142owa papie\u017ca Jana Paw\u0142a II, kt\u00f3ry tak okre\u015bli\u0142 akt oddania narz\u0105d\u00f3w dla ratowania ludzkiego \u017cycia.<\/p>\n<p style=\"text-align: justify;\">Zgodnie z prawem polskim, obowi\u0105zuje domniemana zgoda na bycie dawc\u0105, co oznacza, i\u017c w przypadku braku sprzeciwu, uznaje si\u0119 dan\u0105 osob\u0119 potencjalnym dawc\u0105 narz\u0105du. Jednak w Polsce jak i na \u015bwiecie promuje si\u0119 noszenie o\u015bwiadczenia woli, kt\u00f3re jest wyra\u017ceniem woli osoby, kt\u00f3ry taki dokument posiada. Trzeba stanowczo podkre\u015bli\u0107, \u017ce o\u015bwiadczenie woli jest wy\u0142\u0105cznie drukiem informacyjnym i jego podpisanie powinno sta\u0107 si\u0119 przyczynkiem do dyskusji w\u015br\u00f3d rodziny, znajomych, przyjaci\u00f3\u0142 by wyrazi\u0107 swoj\u0105 wol\u0119 oraz ch\u0119\u0107 oddania narz\u0105d\u00f3w po \u015bmierci. M\u0142odzie\u017c Technikum i Bran\u017cowej Szko\u0142y wzi\u0119\u0142a udzia\u0142 w prelekcji o transplantacji narz\u0105d\u00f3w prowadzonej przez pana Jaros\u0142awa Miar\u0119 cz\u0142onka Stowarzyszenia Dializowanych &#8222;Nephros&#8221;. Pan Jarek straci\u0142 w wypadku samochodowym zdrow\u0105 nerk\u0119, dzi\u0119ki przeszczepowi 18 lat temu mo\u017ce normalnie funkcjonowa\u0107 i cieszy\u0107 si\u0119 \u017cyciem.<\/p>\n<p><strong>Bez wiersza<\/strong><\/p>\n<blockquote><p>Bez mojego wiersza<br \/>\nI s\u0142o\u0144ce ogrzeje Ziemi\u0119<br \/>\nI deszcz pada\u0107 b\u0119dzie<\/p>\n<p>Bez mojego wiersza<br \/>\nI potok i rzeka zaszumi<br \/>\nI ptak o \u015bwicie za\u015bpiewa<\/p>\n<p>Bez mojego wiersza<br \/>\nZielone traw\u0105 pag\u00f3rki<br \/>\nB\u0119d\u0105 niewzruszone trwa\u0107<\/p>\n<p>Bez mojego wiersza<br \/>\n\u017bycie i tak p\u00f3jdzie dalej<br \/>\nSwoj\u0105 kr\u0119t\u0105 drog\u0105<\/p>\n<p>A ja pisz\u0119<br \/>\nBy zatrzyma\u0107 chwil\u0119<br \/>\nW kt\u00f3rej z tym \u015bwiatem<br \/>\n&#8230;&#8230;&#8230;. jeszcze trwam.<\/p><\/blockquote>\n<p><strong><em><u>Pacjent (lat 47) oczekuj\u0105cy na transplantacj\u0119 serca i p\u0142uc<\/u><\/em><\/strong><\/p>\n<div id='gallery-1' class='gallery galleryid-143 gallery-columns-3 gallery-size-thumbnail'><figure class='gallery-item'>\n\t\t\t<div class='gallery-icon landscape'>\n\t\t\t\t<a href='http:\/\/pedagog.zsme.pl\/wp-content\/uploads\/2017\/03\/transplantacja-1.jpg'><img loading=\"lazy\" decoding=\"async\" width=\"150\" height=\"150\" src=\"http:\/\/pedagog.zsme.pl\/wp-content\/uploads\/2017\/03\/transplantacja-1-150x150.jpg\" class=\"attachment-thumbnail size-thumbnail\" alt=\"\" srcset=\"http:\/\/pedagog.zsme.pl\/wp-content\/uploads\/2017\/03\/transplantacja-1-150x150.jpg 150w, http:\/\/pedagog.zsme.pl\/wp-content\/uploads\/2017\/03\/transplantacja-1-100x100.jpg 100w\" sizes=\"(max-width: 150px) 85vw, 150px\" \/><\/a>\n\t\t\t<\/div><\/figure><figure class='gallery-item'>\n\t\t\t<div class='gallery-icon landscape'>\n\t\t\t\t<a href='http:\/\/pedagog.zsme.pl\/wp-content\/uploads\/2017\/03\/Transplantacja-2.jpg'><img loading=\"lazy\" decoding=\"async\" width=\"150\" height=\"150\" src=\"http:\/\/pedagog.zsme.pl\/wp-content\/uploads\/2017\/03\/Transplantacja-2-150x150.jpg\" class=\"attachment-thumbnail size-thumbnail\" alt=\"\" srcset=\"http:\/\/pedagog.zsme.pl\/wp-content\/uploads\/2017\/03\/Transplantacja-2-150x150.jpg 150w, http:\/\/pedagog.zsme.pl\/wp-content\/uploads\/2017\/03\/Transplantacja-2-100x100.jpg 100w\" sizes=\"(max-width: 150px) 85vw, 150px\" \/><\/a>\n\t\t\t<\/div><\/figure><figure class='gallery-item'>\n\t\t\t<div class='gallery-icon landscape'>\n\t\t\t\t<a href='http:\/\/pedagog.zsme.pl\/wp-content\/uploads\/2017\/03\/Transplantacja-5.jpg'><img loading=\"lazy\" decoding=\"async\" width=\"150\" height=\"150\" src=\"http:\/\/pedagog.zsme.pl\/wp-content\/uploads\/2017\/03\/Transplantacja-5-150x150.jpg\" class=\"attachment-thumbnail size-thumbnail\" alt=\"\" srcset=\"http:\/\/pedagog.zsme.pl\/wp-content\/uploads\/2017\/03\/Transplantacja-5-150x150.jpg 150w, http:\/\/pedagog.zsme.pl\/wp-content\/uploads\/2017\/03\/Transplantacja-5-100x100.jpg 100w\" sizes=\"(max-width: 150px) 85vw, 150px\" \/><\/a>\n\t\t\t<\/div><\/figure>\n\t\t<\/div>\n\n<h6 style=\"text-align: justify;\"><\/h6>\n<h6 style=\"text-align: justify;\">Transplantacja 2016<\/h6>\n<div id='gallery-2' class='gallery galleryid-143 gallery-columns-3 gallery-size-thumbnail'><figure class='gallery-item'>\n\t\t\t<div class='gallery-icon landscape'>\n\t\t\t\t<a href='http:\/\/pedagog.zsme.pl\/aktualnosci\/profilaktyka\/transplantacja\/1_16-2\/'><img loading=\"lazy\" decoding=\"async\" width=\"150\" height=\"150\" src=\"http:\/\/pedagog.zsme.pl\/wp-content\/uploads\/2017\/03\/1_16-1-150x150.jpg\" class=\"attachment-thumbnail size-thumbnail\" alt=\"\" srcset=\"http:\/\/pedagog.zsme.pl\/wp-content\/uploads\/2017\/03\/1_16-1-150x150.jpg 150w, http:\/\/pedagog.zsme.pl\/wp-content\/uploads\/2017\/03\/1_16-1-100x100.jpg 100w\" sizes=\"(max-width: 150px) 85vw, 150px\" \/><\/a>\n\t\t\t<\/div><\/figure><figure class='gallery-item'>\n\t\t\t<div class='gallery-icon portrait'>\n\t\t\t\t<a href='http:\/\/pedagog.zsme.pl\/aktualnosci\/profilaktyka\/transplantacja\/2_16-2\/'><img loading=\"lazy\" decoding=\"async\" width=\"150\" height=\"150\" src=\"http:\/\/pedagog.zsme.pl\/wp-content\/uploads\/2017\/03\/2_16-1-150x150.jpg\" class=\"attachment-thumbnail size-thumbnail\" alt=\"\" srcset=\"http:\/\/pedagog.zsme.pl\/wp-content\/uploads\/2017\/03\/2_16-1-150x150.jpg 150w, http:\/\/pedagog.zsme.pl\/wp-content\/uploads\/2017\/03\/2_16-1-100x100.jpg 100w\" sizes=\"(max-width: 150px) 85vw, 150px\" \/><\/a>\n\t\t\t<\/div><\/figure><figure class='gallery-item'>\n\t\t\t<div class='gallery-icon landscape'>\n\t\t\t\t<a href='http:\/\/pedagog.zsme.pl\/aktualnosci\/profilaktyka\/transplantacja\/3_16-2\/'><img loading=\"lazy\" decoding=\"async\" width=\"150\" height=\"150\" src=\"http:\/\/pedagog.zsme.pl\/wp-content\/uploads\/2017\/03\/3_16-1-150x150.jpg\" class=\"attachment-thumbnail size-thumbnail\" alt=\"\" srcset=\"http:\/\/pedagog.zsme.pl\/wp-content\/uploads\/2017\/03\/3_16-1-150x150.jpg 150w, http:\/\/pedagog.zsme.pl\/wp-content\/uploads\/2017\/03\/3_16-1-100x100.jpg 100w\" sizes=\"(max-width: 150px) 85vw, 150px\" \/><\/a>\n\t\t\t<\/div><\/figure>\n\t\t<\/div>\n\n<p style=\"text-align: justify;\">M\u0142odzie\u017c wzi\u0119\u0142a udzia\u0142 w prelekcji o transplantacji narz\u0105d\u00f3w prowadzonej przez pana Jaros\u0142awa Miar\u0119 cz\u0142onka Stowarzyszenia Dializowanych &#8222;Nephros&#8221;. Pan Jarek straci\u0142 w wypadku samochodowym zdrow\u0105 nerk\u0119, dzi\u0119ki przeszczepowi mo\u017ce normalnie funkcjonowa\u0107 i cieszy\u0107 si\u0119 \u017cyciem. Przeszczepy narz\u0105d\u00f3w albo inaczej transplantacje wykonuje si\u0119 w Polsce ju\u017c od ponad 50 lat. Pierwszego udanego przeszczepu nerki w Polsce dokonali w Warszawie 26.01.1966 roku prof. J. Nielubowicz i prof. T. Or\u0142owski, a pacjentk\u0105 by\u0142a 18-letnia uczennica studium piel\u0119gniarskiego. Jednak wiele os\u00f3b oczekuj\u0105cych na nowy narz\u0105d zarejestrowanych w Centralnym Rejestrze Biorc\u00f3w &#8211; nie doczeka transplantacji. Jedn\u0105 z g\u0142\u00f3wnych przyczyn powoduj\u0105cych ten stan rzeczy jest ma\u0142a ilo\u015b\u0107 pobra\u0144 narz\u0105d\u00f3w od dawc\u00f3w zmar\u0142ych. Problem ten reguluje u nas &#8222;Ustawa o pobieraniu i przeszczepianiu kom\u00f3rek, tkanek i narz\u0105d\u00f3w&#8221; z marca 1996 roku kt\u00f3ra m\u00f3wi, \u017ce ka\u017cdy kto za \u017cycia na pi\u015bmie nie wyrazi sprzeciwu mo\u017ce by\u0107 po ewentualnej \u015bmierci dawc\u0105 narz\u0105d\u00f3w. W praktyce lekarze pytaj\u0105 rodziny zmar\u0142ych, potencjalnych dawc\u00f3w czy wyra\u017caj\u0105 zgod\u0119 na pobranie od nich narz\u0105d\u00f3w i niestety bardzo rzadko odpowied\u017a jest pozytywna &#8211; rozumiemy z\u0142o\u017cono\u015b\u0107 tej tragicznej i smutnej sytuacji dla bliskich zmar\u0142ego, podj\u0119cie decyzji o przekazaniu tkanek w tym momencie musi wymaga\u0107 wielkiej odwagi. Tote\u017c w zwi\u0105zku z tym Stowarzyszenie zajmuje si\u0119 przeprowadzaniem akcji informacyjno &#8211; edukacyjnych na temat chor\u00f3b nerek i przeszczep\u00f3w narz\u0105d\u00f3w. Dlatego te\u017c zwr\u00f3cili si\u0119 z apelem: Nie zabierajcie swoich organ\u00f3w do nieba &#8211; one s\u0105 potrzebne tu na ziemi. Wype\u0142niaj\u0105c &#8222;O\u015bwiadczenie woli&#8221; mo\u017cna da\u0107 komu\u015b nieznanemu a nieuleczalnie choremu dar najwi\u0119kszy i najcenniejszy &#8211; dar \u017cycia. Niekt\u00f3rzy z nas dzi\u0119ki takim, bezimiennym \u017cyj\u0105 na nowo. Dzi\u0119kujemy im za to.<\/p>\n<h6 style=\"text-align: justify;\">Transplantacja 2015<\/h6>\n<p style=\"text-align: justify;\"><a href=\"http:\/\/pedagog.zsme.pl\/profilaktyka\/transplantacja\/1_15\/\" rel=\"attachment wp-att-151\"><img loading=\"lazy\" decoding=\"async\" class=\"alignnone wp-image-151 size-medium\" src=\"http:\/\/pedagog.zsme.pl\/wp-content\/uploads\/2017\/03\/1_15-300x198.jpg\" alt=\"\" width=\"300\" height=\"198\" srcset=\"http:\/\/pedagog.zsme.pl\/wp-content\/uploads\/2017\/03\/1_15-300x198.jpg 300w, http:\/\/pedagog.zsme.pl\/wp-content\/uploads\/2017\/03\/1_15-768x508.jpg 768w, http:\/\/pedagog.zsme.pl\/wp-content\/uploads\/2017\/03\/1_15.jpg 960w\" sizes=\"(max-width: 300px) 85vw, 300px\" \/><\/a><\/p>\n<p style=\"text-align: justify;\">Ju\u017c po raz czwarty odby\u0142a si\u0119 w naszej szkole prelekcja o transplantacji narzad\u00f3w. W tym roku prelegenci pochwalili si\u0119 m\u0142odzie\u017cy swoj\u0105 aktywno\u015bci\u0105 fizyczn\u0105, pomimo przeszczepu. Udowodnili, \u017ce ludzie po transplantacji nie s\u0105 skazani na siedzenie przed telewizorem z fiolk\u0105 z lekami, ale mog\u0105 \u017cy\u0107 jak kiedy\u015b. Zwr\u00f3cili te\u017c uwag\u0119 na to, jak trudna decyzja dla najbli\u017cszych jest oddanie narz\u0105d\u00f3w cz\u0142onka rodziny &#8211; osoby kochanej i bliskiej&#8230; Niew\u0105tpliwie, ich realne i z \u017cycia wzi\u0119te opowie\u015bci bardzo wzrusza\u0142y s\u0142uchaczy. Uczestnicy prelekcji obejrzeli r\u00f3wnie\u017c film, w kt\u00f3rym kilka os\u00f3b po przeszczepie opowiedzia\u0142a w\u0142asne prze\u017cycia. W\u015br\u00f3d nich by\u0142a dziewczyna ze \u015al\u0105ska, kt\u00f3ra w wieku 19-stu lat stan\u0119\u0142a przed nieodwracaln\u0105 diagnoz\u0105 &#8211; tylko przeszczep serca m\u00f3g\u0142 uratowa\u0107 jej \u017cycie. Uda\u0142o si\u0119, dzi\u015b jest studentk\u0105 i czerpie z \u017cycia pe\u0142nymi gar\u015bciami. Transplantacja jest trudnym tematem&#8230; Dlatego, niezb\u0119dn\u0105 wiedz\u0119 nale\u017cy szerzy\u0107 w spo\u0142ecze\u0144stwie, aby pomaga\u0107 sobie nawzajem&#8230; aby ratowa\u0107 to, co jest jeszcze do uratowania. Tylko \u015bwiadomo\u015b\u0107 tego, \u017ce przeszczep jest bezcennym darem, mo\u017ce przyczyni\u0107 si\u0119 do wi\u0119kszego zrozumienia i dawania wyrazu cz\u0142owiecze\u0144stwa wobec tych, kt\u00f3rzy naszej pomocy potrzebuj\u0105.<\/p>\n<h6 style=\"text-align: justify;\">Transplantacja 2014<\/h6>\n<p style=\"text-align: justify;\"><a href=\"http:\/\/pedagog.zsme.pl\/profilaktyka\/transplantacja\/2_15\/\" rel=\"attachment wp-att-153\"><img loading=\"lazy\" decoding=\"async\" class=\"alignnone wp-image-153 size-medium\" src=\"http:\/\/pedagog.zsme.pl\/wp-content\/uploads\/2017\/03\/2_15-300x200.jpg\" alt=\"\" width=\"300\" height=\"200\" srcset=\"http:\/\/pedagog.zsme.pl\/wp-content\/uploads\/2017\/03\/2_15-300x200.jpg 300w, http:\/\/pedagog.zsme.pl\/wp-content\/uploads\/2017\/03\/2_15-768x512.jpg 768w, http:\/\/pedagog.zsme.pl\/wp-content\/uploads\/2017\/03\/2_15.jpg 960w\" sizes=\"(max-width: 300px) 85vw, 300px\" \/><\/a><\/p>\n<p style=\"text-align: justify;\">Pod takim has\u0142em pan Andrzej Papacz prowadzi\u0142 prelekcje dla uczni\u00f3w &#8222;Mechanika&#8221;. Transplantacja to szczeg\u00f3lna metoda leczenia. Lekarze si\u0119gaj\u0105 po ni\u0105 wtedy, kiedy ju\u017c \u017cadne leki, ani terapie nie s\u0105 w stanie pom\u00f3c. Ale to te\u017c metoda, kt\u00f3ra budzi wiele emocji. Dlatego cyklicznie w naszej szkole organizowane s\u0105 spotkania, kt\u00f3re maj\u0105 przede wszystkim zach\u0119ca\u0107 do dyskusji o tym, czym jest transplantacja i na czym polega jej specyfika, bo liczba potrzebuj\u0105cych przeszczepu jest wci\u0105\u017c dwa razy wi\u0119ksza od liczby dawc\u00f3w. Pan Andrzej dosta\u0142 serce 21-latka z Wroc\u0142awia. Tylko tyle wie na temat dawcy, bo tylko tyle mo\u017ce wiedzie\u0107. M\u0142ody, anonimowy ch\u0142opak uratowa\u0142 mu \u017cycie. Najcz\u0119\u015bciej przeszczepia si\u0119 nerki, najrzadziej p\u0142uca. Na przeszczep wcia\u017c jednak czeka zbyt wiele os\u00f3b. W XXI w. wiele s\u0142yszy si\u0119 o transplantologii, medycznej dziedzinie naukowej zajmuj\u0105cej si\u0119 przeszczepem narz\u0105d\u00f3w. Waga owej tematyki sprawia, i\u017c stale pojawiaja si\u0119 nowe, nurtuj\u0105ce spo\u0142ecze\u0144stwo pytania, na kt\u00f3re chcieliby\u015bmy uzyska\u0107 odpowiedzi. Pan Andrzej uwa\u017ca, i\u017c jest to temat niezwykle istotny z uwagi na fakt, i\u017c mieszka\u0144cy niekt\u00f3rych miast wykazuj\u0105 niewielk\u0105 wiedz\u0119 w tej dziedzinie, co mo\u017cna zaobserwowa\u0107 na podstawie niedoboru dawc\u00f3w w niekt\u00f3rych rejonach Polski, a to skutkuje niewielka ilo\u015bcia przeszczepianych narzad\u00f3w. Na\u015bwietli\u0142 uczestnikom prelekcji zagadnienie o\u015bwiadcze\u0144 woli, za pomoc\u0105 kt\u00f3rego mo\u017cna wyrazi\u0107 ch\u0119\u0107 oddania narz\u0105d\u00f3w po \u015bmierci. Prelekcja by\u0142a podzielona na dwa panele, jeden dotyczacy transplantologii po \u015bmierci m\u00f3zgowej, drugi handlu narz\u0105dami czy w Polsce istnieje. Prelekcja wzbogaci\u0142a wiedz\u0119 uczni\u00f3w i o nowe wiadomo\u015bci z zakresu przedstawianych temat\u00f3w. Transplantologia jest w dzisiejszych czasach bardzo wa\u017cnym elementem naszego \u017cycia, kt\u00f3remu wci\u0105\u017c po\u015bwi\u0119camy zbyt ma\u0142o uwagi.<\/p>\n","protected":false},"excerpt":{"rendered":"<p>Transplantacja 2018 \u201eKa\u017cdy przeszczep narz\u0105du ma swoje \u017ar\u00f3d\u0142o w decyzji o wielkiej warto\u015bci etycznej, decyzji, aby bezinteresownie ofiarowa\u0107 cz\u0119\u015b\u0107 w\u0142asnego cia\u0142a z my\u015bl\u0105 o zdrowiu i dobru innego cz\u0142owieka. Na tym w\u0142a\u015bnie polega szlachetno\u015b\u0107 tego czynu, kt\u00f3ry jest autentycznym aktem mi\u0142o\u015bci.\u201d\u00a0&#8211; to s\u0142owa papie\u017ca Jana Paw\u0142a II, kt\u00f3ry tak okre\u015bli\u0142 akt oddania narz\u0105d\u00f3w dla ratowania &hellip; <a href=\"http:\/\/pedagog.zsme.pl\/aktualnosci\/profilaktyka\/transplantacja\/\" class=\"more-link\">Czytaj dalej<span class=\"screen-reader-text\"> Transplantacja<\/span><\/a><\/p>\n","protected":false},"author":2,"featured_media":474,"parent":40,"menu_order":0,"comment_status":"closed","ping_status":"closed","template":"","meta":{"footnotes":""},"_links":{"self":[{"href":"http:\/\/pedagog.zsme.pl\/aktualnosci\/wp-json\/wp\/v2\/pages\/143"}],"collection":[{"href":"http:\/\/pedagog.zsme.pl\/aktualnosci\/wp-json\/wp\/v2\/pages"}],"about":[{"href":"http:\/\/pedagog.zsme.pl\/aktualnosci\/wp-json\/wp\/v2\/types\/page"}],"author":[{"embeddable":true,"href":"http:\/\/pedagog.zsme.pl\/aktualnosci\/wp-json\/wp\/v2\/users\/2"}],"replies":[{"embeddable":true,"href":"http:\/\/pedagog.zsme.pl\/aktualnosci\/wp-json\/wp\/v2\/comments?post=143"}],"version-history":[{"count":12,"href":"http:\/\/pedagog.zsme.pl\/aktualnosci\/wp-json\/wp\/v2\/pages\/143\/revisions"}],"predecessor-version":[{"id":812,"href":"http:\/\/pedagog.zsme.pl\/aktualnosci\/wp-json\/wp\/v2\/pages\/143\/revisions\/812"}],"up":[{"embeddable":true,"href":"http:\/\/pedagog.zsme.pl\/aktualnosci\/wp-json\/wp\/v2\/pages\/40"}],"wp:featuredmedia":[{"embeddable":true,"href":"http:\/\/pedagog.zsme.pl\/aktualnosci\/wp-json\/wp\/v2\/media\/474"}],"wp:attachment":[{"href":"http:\/\/pedagog.zsme.pl\/aktualnosci\/wp-json\/wp\/v2\/media?parent=143"}],"curies":[{"name":"wp","href":"https:\/\/api.w.org\/{rel}","templated":true}]}}