{"id":1236,"date":"2022-09-01T09:20:59","date_gmt":"2022-09-01T08:20:59","guid":{"rendered":"http:\/\/pedagog.zsme.pl\/?page_id=1236"},"modified":"2025-09-24T16:45:58","modified_gmt":"2025-09-24T15:45:58","slug":"psycholog","status":"publish","type":"page","link":"http:\/\/pedagog.zsme.pl\/aktualnosci\/psycholog\/","title":{"rendered":"Psycholog"},"content":{"rendered":"<p>Witam serdecznie \ud83d\ude42<\/p>\n<p>Nazywam si\u0119 Ewa Hercog i jestem psychologiem szkolnym.<\/p>\n<p>Zapraszam do wsp\u00f3\u0142pracy uczni\u00f3w, rodzic\u00f3w i nauczycieli!<\/p>\n<table style=\"border-collapse: collapse; width: 58.3333%;\">\n<tbody>\n<tr>\n<td style=\"width: 26.7857%;\">\u015aroda<\/td>\n<td style=\"width: 31.5476%;\">08:00-15:00<\/td>\n<\/tr>\n<tr>\n<td style=\"width: 26.7857%;\">Czwartek<\/td>\n<td style=\"width: 31.5476%;\">08:00 \u2013 14:00<\/td>\n<\/tr>\n<\/tbody>\n<\/table>\n\n","protected":false},"excerpt":{"rendered":"<p>Witam serdecznie \ud83d\ude42 Nazywam si\u0119 Ewa Hercog i jestem psychologiem szkolnym. Zapraszam do wsp\u00f3\u0142pracy uczni\u00f3w, rodzic\u00f3w i nauczycieli! \u015aroda 08:00-15:00 Czwartek 08:00 \u2013 14:00<\/p>\n","protected":false},"author":8,"featured_media":0,"parent":0,"menu_order":0,"comment_status":"closed","ping_status":"closed","template":"","meta":{"footnotes":""},"_links":{"self":[{"href":"http:\/\/pedagog.zsme.pl\/aktualnosci\/wp-json\/wp\/v2\/pages\/1236"}],"collection":[{"href":"http:\/\/pedagog.zsme.pl\/aktualnosci\/wp-json\/wp\/v2\/pages"}],"about":[{"href":"http:\/\/pedagog.zsme.pl\/aktualnosci\/wp-json\/wp\/v2\/types\/page"}],"author":[{"embeddable":true,"href":"http:\/\/pedagog.zsme.pl\/aktualnosci\/wp-json\/wp\/v2\/users\/8"}],"replies":[{"embeddable":true,"href":"http:\/\/pedagog.zsme.pl\/aktualnosci\/wp-json\/wp\/v2\/comments?post=1236"}],"version-history":[{"count":8,"href":"http:\/\/pedagog.zsme.pl\/aktualnosci\/wp-json\/wp\/v2\/pages\/1236\/revisions"}],"predecessor-version":[{"id":1750,"href":"http:\/\/pedagog.zsme.pl\/aktualnosci\/wp-json\/wp\/v2\/pages\/1236\/revisions\/1750"}],"wp:attachment":[{"href":"http:\/\/pedagog.zsme.pl\/aktualnosci\/wp-json\/wp\/v2\/media?parent=1236"}],"curies":[{"name":"wp","href":"https:\/\/api.w.org\/{rel}","templated":true}]}}