{"id":1009,"date":"2018-12-11T09:26:27","date_gmt":"2018-12-11T08:26:27","guid":{"rendered":"http:\/\/pedagog.zsme.pl\/?page_id=1009"},"modified":"2018-12-11T09:27:09","modified_gmt":"2018-12-11T08:27:09","slug":"projekt-rappedagogika","status":"publish","type":"page","link":"http:\/\/pedagog.zsme.pl\/aktualnosci\/profilaktyka\/projekt-rappedagogika\/","title":{"rendered":"Projekt &#8222;RapPedagogika&#8221;"},"content":{"rendered":"<p><em>S\u0142yszysz? Mo\u017cesz powsta\u0107 z cmentarza! <\/em><\/p>\n<p><em>Ja powsta\u0142em do \u017cycia, by pasj\u0105 zara\u017ca\u0107!<\/em><\/p>\n<p>Ba\u0142em si\u0119. Potwornie si\u0119 ba\u0142em. Ojca, kt\u00f3ry nie sk\u0105pi\u0142 pasa. Matki, kt\u00f3ra wybra\u0142a alkohol zamiast swoich dzieci. Opiekun\u00f3w w pogotowiu opieku\u0144czym. Wychowawc\u00f3w w domu dziecka. Braku akceptacji. Chcia\u0142em zabi\u0107 ten strach, przesta\u0107 go czu\u0107!\u00a0 Zacz\u0105\u0142em kra\u015b\u0107, bo chcia\u0142em by\u0107 taki jak koledzy. Zacz\u0105\u0142em pi\u0107, zacz\u0105\u0142em \u0107pa\u0107. Gdzie\u015b mia\u0142em nauk\u0119, bo kim ja mog\u0142em zosta\u0107. Od ma\u0142ego s\u0142ysza\u0142em tylko: \u201eSko\u0144czysz jak matka.\u201d S\u0142ysza\u0142em to tak cz\u0119sto, \u017ce a\u017c sam w to uwierzy\u0142em. Wtedy, gdy by\u0142em ju\u017c na dnie i my\u015bla\u0142em, \u017ce gorzej by\u0107 nie mo\u017ce, zmar\u0142a mi mama, zmar\u0142 mi tata. Zrozumia\u0142em, \u017ce nie mog\u0119 \u017cy\u0107 tak jak oni! \u017be nie jestem na to skazany, bo to ja wybieram swoj\u0105 przysz\u0142o\u015b\u0107. To nie by\u0142o proste. Ci\u0105gle nie jest, ale dzi\u015b ju\u017c wiem, \u017ce jest mo\u017cliwe. Mo\u017cliwe jest powstanie z cmentarza.<\/p>\n<p><strong>Dobromir \u201eMak\u201d Makowski<\/strong> \u2013 raper, inicjator spotka\u0144 z zakresu profilaktyki uzale\u017cnie\u0144 RapPedagogia, m\u0105\u017c i ojciec tr\u00f3jki dzieci \u2013 spotka\u0142 si\u0119 z nasz\u0105 m\u0142odzie\u017c\u0105.<\/p>\n<div id='gallery-1' class='gallery galleryid-1009 gallery-columns-2 gallery-size-medium'><figure class='gallery-item'>\n\t\t\t<div class='gallery-icon landscape'>\n\t\t\t\t<a href='http:\/\/pedagog.zsme.pl\/wp-content\/uploads\/2018\/12\/1.jpg'><img loading=\"lazy\" decoding=\"async\" width=\"300\" height=\"224\" src=\"http:\/\/pedagog.zsme.pl\/wp-content\/uploads\/2018\/12\/1-300x224.jpg\" class=\"attachment-medium size-medium\" alt=\"\" srcset=\"http:\/\/pedagog.zsme.pl\/wp-content\/uploads\/2018\/12\/1-300x224.jpg 300w, http:\/\/pedagog.zsme.pl\/wp-content\/uploads\/2018\/12\/1-768x574.jpg 768w, http:\/\/pedagog.zsme.pl\/wp-content\/uploads\/2018\/12\/1-1024x766.jpg 1024w, http:\/\/pedagog.zsme.pl\/wp-content\/uploads\/2018\/12\/1-1200x898.jpg 1200w, http:\/\/pedagog.zsme.pl\/wp-content\/uploads\/2018\/12\/1.jpg 2016w\" sizes=\"(max-width: 300px) 85vw, 300px\" \/><\/a>\n\t\t\t<\/div><\/figure><figure class='gallery-item'>\n\t\t\t<div class='gallery-icon landscape'>\n\t\t\t\t<a href='http:\/\/pedagog.zsme.pl\/wp-content\/uploads\/2018\/12\/2.jpg'><img loading=\"lazy\" decoding=\"async\" width=\"300\" height=\"224\" src=\"http:\/\/pedagog.zsme.pl\/wp-content\/uploads\/2018\/12\/2-300x224.jpg\" class=\"attachment-medium size-medium\" alt=\"\" srcset=\"http:\/\/pedagog.zsme.pl\/wp-content\/uploads\/2018\/12\/2-300x224.jpg 300w, http:\/\/pedagog.zsme.pl\/wp-content\/uploads\/2018\/12\/2-768x574.jpg 768w, http:\/\/pedagog.zsme.pl\/wp-content\/uploads\/2018\/12\/2-1024x766.jpg 1024w, http:\/\/pedagog.zsme.pl\/wp-content\/uploads\/2018\/12\/2-1200x898.jpg 1200w, http:\/\/pedagog.zsme.pl\/wp-content\/uploads\/2018\/12\/2.jpg 2016w\" sizes=\"(max-width: 300px) 85vw, 300px\" \/><\/a>\n\t\t\t<\/div><\/figure><figure class='gallery-item'>\n\t\t\t<div class='gallery-icon landscape'>\n\t\t\t\t<a href='http:\/\/pedagog.zsme.pl\/wp-content\/uploads\/2018\/12\/3.jpg'><img loading=\"lazy\" decoding=\"async\" width=\"300\" height=\"224\" src=\"http:\/\/pedagog.zsme.pl\/wp-content\/uploads\/2018\/12\/3-300x224.jpg\" class=\"attachment-medium size-medium\" alt=\"\" srcset=\"http:\/\/pedagog.zsme.pl\/wp-content\/uploads\/2018\/12\/3-300x224.jpg 300w, http:\/\/pedagog.zsme.pl\/wp-content\/uploads\/2018\/12\/3-768x574.jpg 768w, http:\/\/pedagog.zsme.pl\/wp-content\/uploads\/2018\/12\/3-1024x766.jpg 1024w, http:\/\/pedagog.zsme.pl\/wp-content\/uploads\/2018\/12\/3-1200x898.jpg 1200w, http:\/\/pedagog.zsme.pl\/wp-content\/uploads\/2018\/12\/3.jpg 2016w\" sizes=\"(max-width: 300px) 85vw, 300px\" \/><\/a>\n\t\t\t<\/div><\/figure><figure class='gallery-item'>\n\t\t\t<div class='gallery-icon landscape'>\n\t\t\t\t<a href='http:\/\/pedagog.zsme.pl\/wp-content\/uploads\/2018\/12\/4-1.jpg'><img loading=\"lazy\" decoding=\"async\" width=\"300\" height=\"224\" src=\"http:\/\/pedagog.zsme.pl\/wp-content\/uploads\/2018\/12\/4-1-300x224.jpg\" class=\"attachment-medium size-medium\" alt=\"\" srcset=\"http:\/\/pedagog.zsme.pl\/wp-content\/uploads\/2018\/12\/4-1-300x224.jpg 300w, http:\/\/pedagog.zsme.pl\/wp-content\/uploads\/2018\/12\/4-1-768x574.jpg 768w, http:\/\/pedagog.zsme.pl\/wp-content\/uploads\/2018\/12\/4-1-1024x766.jpg 1024w, http:\/\/pedagog.zsme.pl\/wp-content\/uploads\/2018\/12\/4-1-1200x898.jpg 1200w, http:\/\/pedagog.zsme.pl\/wp-content\/uploads\/2018\/12\/4-1.jpg 2016w\" sizes=\"(max-width: 300px) 85vw, 300px\" \/><\/a>\n\t\t\t<\/div><\/figure><figure class='gallery-item'>\n\t\t\t<div class='gallery-icon landscape'>\n\t\t\t\t<a href='http:\/\/pedagog.zsme.pl\/wp-content\/uploads\/2018\/12\/5.jpg'><img loading=\"lazy\" decoding=\"async\" width=\"300\" height=\"224\" src=\"http:\/\/pedagog.zsme.pl\/wp-content\/uploads\/2018\/12\/5-300x224.jpg\" class=\"attachment-medium size-medium\" alt=\"\" srcset=\"http:\/\/pedagog.zsme.pl\/wp-content\/uploads\/2018\/12\/5-300x224.jpg 300w, http:\/\/pedagog.zsme.pl\/wp-content\/uploads\/2018\/12\/5-768x574.jpg 768w, http:\/\/pedagog.zsme.pl\/wp-content\/uploads\/2018\/12\/5-1024x766.jpg 1024w, http:\/\/pedagog.zsme.pl\/wp-content\/uploads\/2018\/12\/5-1200x898.jpg 1200w, http:\/\/pedagog.zsme.pl\/wp-content\/uploads\/2018\/12\/5.jpg 2016w\" sizes=\"(max-width: 300px) 85vw, 300px\" \/><\/a>\n\t\t\t<\/div><\/figure><figure class='gallery-item'>\n\t\t\t<div class='gallery-icon landscape'>\n\t\t\t\t<a href='http:\/\/pedagog.zsme.pl\/wp-content\/uploads\/2018\/12\/6.jpg'><img loading=\"lazy\" decoding=\"async\" width=\"300\" height=\"224\" src=\"http:\/\/pedagog.zsme.pl\/wp-content\/uploads\/2018\/12\/6-300x224.jpg\" class=\"attachment-medium size-medium\" alt=\"\" srcset=\"http:\/\/pedagog.zsme.pl\/wp-content\/uploads\/2018\/12\/6-300x224.jpg 300w, http:\/\/pedagog.zsme.pl\/wp-content\/uploads\/2018\/12\/6-768x574.jpg 768w, http:\/\/pedagog.zsme.pl\/wp-content\/uploads\/2018\/12\/6-1024x766.jpg 1024w, http:\/\/pedagog.zsme.pl\/wp-content\/uploads\/2018\/12\/6-1200x898.jpg 1200w, http:\/\/pedagog.zsme.pl\/wp-content\/uploads\/2018\/12\/6.jpg 2016w\" sizes=\"(max-width: 300px) 85vw, 300px\" \/><\/a>\n\t\t\t<\/div><\/figure><figure class='gallery-item'>\n\t\t\t<div class='gallery-icon landscape'>\n\t\t\t\t<a href='http:\/\/pedagog.zsme.pl\/wp-content\/uploads\/2018\/12\/7.jpg'><img loading=\"lazy\" decoding=\"async\" width=\"300\" height=\"224\" src=\"http:\/\/pedagog.zsme.pl\/wp-content\/uploads\/2018\/12\/7-300x224.jpg\" class=\"attachment-medium size-medium\" alt=\"\" srcset=\"http:\/\/pedagog.zsme.pl\/wp-content\/uploads\/2018\/12\/7-300x224.jpg 300w, http:\/\/pedagog.zsme.pl\/wp-content\/uploads\/2018\/12\/7-768x574.jpg 768w, http:\/\/pedagog.zsme.pl\/wp-content\/uploads\/2018\/12\/7-1024x766.jpg 1024w, http:\/\/pedagog.zsme.pl\/wp-content\/uploads\/2018\/12\/7-1200x898.jpg 1200w, http:\/\/pedagog.zsme.pl\/wp-content\/uploads\/2018\/12\/7.jpg 2016w\" sizes=\"(max-width: 300px) 85vw, 300px\" \/><\/a>\n\t\t\t<\/div><\/figure><figure class='gallery-item'>\n\t\t\t<div class='gallery-icon landscape'>\n\t\t\t\t<a href='http:\/\/pedagog.zsme.pl\/wp-content\/uploads\/2018\/12\/8.jpg'><img loading=\"lazy\" decoding=\"async\" width=\"300\" height=\"225\" src=\"http:\/\/pedagog.zsme.pl\/wp-content\/uploads\/2018\/12\/8-300x225.jpg\" class=\"attachment-medium size-medium\" alt=\"\" srcset=\"http:\/\/pedagog.zsme.pl\/wp-content\/uploads\/2018\/12\/8-300x225.jpg 300w, http:\/\/pedagog.zsme.pl\/wp-content\/uploads\/2018\/12\/8.jpg 720w\" sizes=\"(max-width: 300px) 85vw, 300px\" \/><\/a>\n\t\t\t<\/div><\/figure>\n\t\t<\/div>\n\n","protected":false},"excerpt":{"rendered":"<p>S\u0142yszysz? Mo\u017cesz powsta\u0107 z cmentarza! Ja powsta\u0142em do \u017cycia, by pasj\u0105 zara\u017ca\u0107! Ba\u0142em si\u0119. Potwornie si\u0119 ba\u0142em. Ojca, kt\u00f3ry nie sk\u0105pi\u0142 pasa. Matki, kt\u00f3ra wybra\u0142a alkohol zamiast swoich dzieci. Opiekun\u00f3w w pogotowiu opieku\u0144czym. Wychowawc\u00f3w w domu dziecka. Braku akceptacji. Chcia\u0142em zabi\u0107 ten strach, przesta\u0107 go czu\u0107!\u00a0 Zacz\u0105\u0142em kra\u015b\u0107, bo chcia\u0142em by\u0107 taki jak koledzy. Zacz\u0105\u0142em &hellip; <a href=\"http:\/\/pedagog.zsme.pl\/aktualnosci\/profilaktyka\/projekt-rappedagogika\/\" class=\"more-link\">Czytaj dalej<span class=\"screen-reader-text\"> Projekt &#8222;RapPedagogika&#8221;<\/span><\/a><\/p>\n","protected":false},"author":3,"featured_media":0,"parent":40,"menu_order":0,"comment_status":"closed","ping_status":"closed","template":"","meta":{"footnotes":""},"_links":{"self":[{"href":"http:\/\/pedagog.zsme.pl\/aktualnosci\/wp-json\/wp\/v2\/pages\/1009"}],"collection":[{"href":"http:\/\/pedagog.zsme.pl\/aktualnosci\/wp-json\/wp\/v2\/pages"}],"about":[{"href":"http:\/\/pedagog.zsme.pl\/aktualnosci\/wp-json\/wp\/v2\/types\/page"}],"author":[{"embeddable":true,"href":"http:\/\/pedagog.zsme.pl\/aktualnosci\/wp-json\/wp\/v2\/users\/3"}],"replies":[{"embeddable":true,"href":"http:\/\/pedagog.zsme.pl\/aktualnosci\/wp-json\/wp\/v2\/comments?post=1009"}],"version-history":[{"count":1,"href":"http:\/\/pedagog.zsme.pl\/aktualnosci\/wp-json\/wp\/v2\/pages\/1009\/revisions"}],"predecessor-version":[{"id":1018,"href":"http:\/\/pedagog.zsme.pl\/aktualnosci\/wp-json\/wp\/v2\/pages\/1009\/revisions\/1018"}],"up":[{"embeddable":true,"href":"http:\/\/pedagog.zsme.pl\/aktualnosci\/wp-json\/wp\/v2\/pages\/40"}],"wp:attachment":[{"href":"http:\/\/pedagog.zsme.pl\/aktualnosci\/wp-json\/wp\/v2\/media?parent=1009"}],"curies":[{"name":"wp","href":"https:\/\/api.w.org\/{rel}","templated":true}]}}